{"id":2032,"date":"2023-08-10T22:00:13","date_gmt":"2023-08-11T01:00:13","guid":{"rendered":"https:\/\/conexaomulhereseconomia.com.br\/?page_id=2032"},"modified":"2023-10-08T19:42:51","modified_gmt":"2023-10-08T22:42:51","slug":"i-encontro-conexao-mulheres-e-economia-3","status":"publish","type":"page","link":"https:\/\/conexaomulhereseconomia.com.br\/?page_id=2032","title":{"rendered":"Edital 3\u00ba Enconex\u00e3o | CM&#038;E"},"content":{"rendered":"\n<p class=\"has-text-align-center\" style=\"font-size:28px\"><strong>3\u00ba Enconex\u00e3o | Conex\u00e3o Mulheres e Economia<\/strong><\/p>\n\n\n\n<br>\n\n\n\n<p class=\"has-text-align-center\"><strong>Chamada para submiss\u00e3o de trabalhos<\/strong><\/p>\n\n\n\n<br>\n\n\n\n<p>O coletivo <strong>Conex\u00e3o<\/strong> <strong>Mulheres e Economia &#8211; CM&amp;E<\/strong> convida pesquisadoras(es), profissionais e alunas(os) da \u00e1rea para participarem do <strong>3\u00ba Enconex\u00e3o Conex\u00e3o Mulheres e Economia <\/strong>promovido e organizado pelo CM&amp;E. O evento acontecer\u00e1 nos dias 10 e 11 de novembro de 2023. No dia 10 ser\u00e1 no formato <strong>online<\/strong> e no dia 11 ser\u00e1 <strong>presencial<\/strong>. O encontro presencial ser\u00e1 realizado na <strong>PUCRS, pr\u00e9dio 50, na sala 1115<\/strong>. Todo o evento ser\u00e1 transmitido simultaneamente pelo site do coletivo Conex\u00e3o Mulheres e Economia &#8211; CM&amp;E.<\/p>\n\n\n\n<p><strong>OBJETIVOS<\/strong><\/p>\n\n\n\n<p>Promover e fomentar reflex\u00f5es e debates relacionados \u00e0 economia e sociedade, sob uma perspectiva de economistas, empreendedoras(es) e gestoras(es) de projetos sociais.<\/p>\n\n\n\n<p><strong>OBJETIVOS ESPEC\u00cdFICOS<\/strong><\/p>\n\n\n\n<ol class=\"wp-block-list\">\n<li>Propiciar um ambiente que favore\u00e7a a discuss\u00e3o de quest\u00f5es referentes \u00e0 economia;<\/li>\n\n\n\n<li>Possibilitar a troca de conhecimento e o debate sobre os temas espec\u00edficos, ampliando a visibilidade e o seu alcance;<\/li>\n\n\n\n<li>Garantir um espa\u00e7o para a divulga\u00e7\u00e3o de trabalhos em m\u00eddias digitais.<\/li>\n<\/ol>\n\n\n\n<p><strong>P\u00daBLICO-ALVO<\/strong><\/p>\n\n\n\n<p>O evento destina-se \u00e0s pesquisadoras(es), profissionais e alunas(os) da \u00e1rea de Ci\u00eancias Econ\u00f4micas, de \u00e1reas afins, integrantes de ONGs, projetos sociais, e ao p\u00fablico em geral. Al\u00e9m destas(es), espera-se que mais pessoas sejam beneficiadas pelos conhecimentos compartilhados atrav\u00e9s da divulga\u00e7\u00e3o nos meios de comunica\u00e7\u00e3o.<\/p>\n\n\n\n<p><strong>COMISS\u00c3O ORGANIZADORA<\/strong><\/p>\n\n\n\n<p>Andressa Porto de Castro (Doutora em Economia pela PUCRS)<br>Ang\u00e9lica Massuquetti (Professora do PPGE\/Unisinos)<br>Bruna Fonseca de Pinho (Mestranda em Economia Aplicada do PPGE\/FURG)<br>Cristiane da Silva (Professora da Unisinos)<br>Izete Pengo Bagolin (Professora do PPGE\/PUCRS)<br>Janice Viana (Doutora em Economia\/PUCRS)<br>Marcia Luiza Cruz Aguirre (Doutoranda do PPGE\/PUCRS)<br>Marieli Vieira (Doutoranda do PPGE\/UFRGS, Professora EA\/UFRGS)<\/p>\n\n\n\n<p><strong>\u00c1REAS TEM\u00c1TICAS<\/strong><\/p>\n\n\n\n<ol class=\"wp-block-list\">\n<li>Economia Feminista;<\/li>\n\n\n\n<li>Economia da Sa\u00fade;<\/li>\n\n\n\n<li>Economia do Trabalho e da Educa\u00e7\u00e3o;<\/li>\n\n\n\n<li>Macroeconomia e Finan\u00e7as;<\/li>\n\n\n\n<li>Economia Pol\u00edtica, Social e Demogr\u00e1fica;<\/li>\n\n\n\n<li>Desenvolvimento Econ\u00f4mico e Sustentabilidade Ambiental.<\/li>\n<\/ol>\n\n\n\n<p><strong>SUBMISS\u00c3O DOS TRABALHOS<\/strong><\/p>\n\n\n\n<p>As propostas devem ser submetidas em duas modalidades: resumo expandido e relato de experi\u00eancia.<\/p>\n\n\n\n<p>O <strong>resumo expandido<\/strong> deve conter, no m\u00e1ximo, 5 (cinco) p\u00e1ginas, incluindo, ap\u00eandices e anexos, al\u00e9m de conter obrigatoriamente: resumo, palavras-chave, introdu\u00e7\u00e3o, desenvolvimento ou corpo do trabalho, descri\u00e7\u00e3o b\u00e1sica da metodologia, principais resultados e bibliografia;<\/p>\n\n\n\n<p>O <strong>relato de experi\u00eancia<\/strong> deve conter, no m\u00e1ximo, 5 (cinco) p\u00e1ginas, incluindo, o relato de experi\u00eancia vivida. As experi\u00eancias podem descrever projetos sociais, atua\u00e7\u00e3o de lideran\u00e7as comunit\u00e1rias e de empreendedores privados, indicando-se o objetivo do projeto ou a\u00e7\u00e3o, o p\u00fablico-alvo do projeto, as t\u00e9cnicas e\/ou procedimentos utilizados no projeto, seus resultados e desafios. Sugerido para pessoas que desenvolvem trabalhos em ONGs, projetos sociais, pesquisas aplicadas, n\u00e3o necessariamente vinculados \u00e0 academia.<\/p>\n\n\n\n<p>A comiss\u00e3o cient\u00edfica avaliar\u00e1 os trabalhos conforme os seguintes crit\u00e9rios:<\/p>\n\n\n\n<ol class=\"wp-block-list\">\n<li>N\u00e3o h\u00e1 limites para o n\u00famero de co-autores, desde que um deles seja mulher;<\/li>\n\n\n\n<li>Cada autor poder\u00e1 enviar no m\u00e1ximo 3 (tr\u00eas) trabalhos para avalia\u00e7\u00e3o e apenas poder\u00e1 ser o autor principal em 1 (um) deles;<\/li>\n\n\n\n<li>Os trabalhos devem seguir as normas de formata\u00e7\u00e3o da ABNT, escritos com a fonte Times New Roman, tamanho 12 (doze), com espa\u00e7amento entre linhas de 1,5 (um e meio) cent\u00edmetros e justificado, margens esquerda, direita, superior e inferior, de 2 (dois) cent\u00edmetros, em arquivo Word (formato \u201c.doc\u201d e \u201c.docx\u201d). Conforme o modelo disponibilizado no site.<\/li>\n\n\n\n<li>As figuras, tabelas, gr\u00e1ficos e f\u00f3rmulas matem\u00e1ticas dever\u00e3o ser apresentadas em fonte Times New Roman, tamanho 10, em formato edit\u00e1vel;<\/li>\n\n\n\n<li>No momento da submiss\u00e3o, o autor pode sugerir uma das seguintes formas de apresenta\u00e7\u00e3o: (1) apresenta\u00e7\u00e3o online &#8211; s\u00edncrona &#8211; a ser realizada no dia 10\/11 entre 14h e 17h; (2) apresenta\u00e7\u00e3o presencial a ser realizada no dia 11\/11 entre 9h e 11h; (3) apresenta\u00e7\u00e3o por meio da grava\u00e7\u00e3o de v\u00eddeo a ser enviado at\u00e9 o dia 08\/11. A defini\u00e7\u00e3o final da forma de apresenta\u00e7\u00e3o ser\u00e1 realizada pela equipe cient\u00edfica do evento considerando a indica\u00e7\u00e3o das(os) autoras(es) e a quantidade de trabalhos submetidos;<\/li>\n\n\n\n<li>As instru\u00e7\u00f5es para apresenta\u00e7\u00e3o dos trabalhos selecionados seguir\u00e3o com a aprova\u00e7\u00e3o no site;<\/li>\n\n\n\n<li>As apresenta\u00e7\u00f5es dos trabalhos selecionados ter\u00e3o dura\u00e7\u00e3o de at\u00e9 <strong>15 minutos por trabalho<\/strong>, incluindo a apresenta\u00e7\u00e3o pessoal (biografia) do autor(a).<\/li>\n\n\n\n<li>A comunica\u00e7\u00e3o dos trabalhos selecionados ser\u00e1 realizada no site do evento, at\u00e9 o dia 30\/10\/2023, e, posteriormente, os estudos ser\u00e3o publicados nos anais do encontro.<\/li>\n\n\n\n<li>Os autores dos artigos selecionados autorizam a publica\u00e7\u00e3o e a divulga\u00e7\u00e3o do(s) trabalho(s) no anais do encontro, sem quaisquer \u00f4nus e de livre e espont\u00e2nea vontade cedem seus direitos patrimoniais sobre o mesmo, em favor da Organiza\u00e7\u00e3o, sob as penas da legisla\u00e7\u00e3o vigente (Lei 9.610 de 19\/02\/1998), que protege os direitos autorais no Brasil.<\/li>\n\n\n\n<li>Os casos omissos ser\u00e3o analisados pela Comiss\u00e3o Organizadora.<\/li>\n<\/ol>\n\n\n\n<p><strong>CRIT\u00c9RIOS DE AVALIA\u00c7\u00c3O DOS TRABALHOS<\/strong><\/p>\n\n\n\n<p>A Comiss\u00e3o Cient\u00edfica avaliar\u00e1 os trabalhos observando os seguintes crit\u00e9rios: a) Vincula\u00e7\u00e3o do trabalho \u00e0 \u00e1rea tem\u00e1tica escolhida; b) Problematiza\u00e7\u00e3o e justificativa do trabalho apresentada de forma clara e bem definida; c) Reda\u00e7\u00e3o de modo a contemplar claramente o tema, problema, objetivos e justificativa; d) Adequa\u00e7\u00e3o \u00e0s regras deste edital; e) Atualidade e relev\u00e2ncia da discuss\u00e3o.<\/p>\n\n\n\n<p><strong>PER\u00cdODO DE SUBMISS\u00c3O<\/strong><\/p>\n\n\n\n<p>15 de agosto a 09 de outubro de 2023.<\/p>\n\n\n\n<p><strong>INSCRI\u00c7\u00c3O<\/strong><\/p>\n\n\n\n<p>Gratuita e a ser realizada atrav\u00e9s do site oficial do evento.<\/p>\n\n\n\n<p><strong>CERTIFICADOS<\/strong><\/p>\n\n\n\n<p>Ser\u00e1 fornecido certificado digital de apresenta\u00e7\u00e3o de trabalhos e de participa\u00e7\u00e3o como ouvinte, desde que esteja formalmente inscrito no evento.<\/p>\n\n\n\n<p class=\"has-text-align-left\"><strong>CRONOGRAMA<\/strong><\/p>\n\n\n<div class=\"wp-block-image\">\n<figure class=\"aligncenter size-full\"><img fetchpriority=\"high\" decoding=\"async\" width=\"804\" height=\"439\" src=\"https:\/\/conexaomulhereseconomia.com.br\/wp-content\/uploads\/2023\/08\/Cronograma3EnconexaoV1.jpg\" alt=\"\" class=\"wp-image-2086\" srcset=\"https:\/\/conexaomulhereseconomia.com.br\/wp-content\/uploads\/2023\/08\/Cronograma3EnconexaoV1.jpg 804w, https:\/\/conexaomulhereseconomia.com.br\/wp-content\/uploads\/2023\/08\/Cronograma3EnconexaoV1-300x164.jpg 300w, https:\/\/conexaomulhereseconomia.com.br\/wp-content\/uploads\/2023\/08\/Cronograma3EnconexaoV1-768x419.jpg 768w\" sizes=\"(max-width: 804px) 100vw, 804px\" \/><\/figure>\n<\/div>\n\n\n<p><\/p>\n\n\n\n<p><strong>CONTATOS<\/strong><\/p>\n\n\n\n<p>Caso tenha alguma d\u00favida com rela\u00e7\u00e3o \u00e0 inscri\u00e7\u00e3o, entre em contato pelo e-mail: <a href=\"mailto:contato@conexaomulhereseconomia.com.br\">contato@conexaomulhereseconomia.com.br<\/a><\/p>\n\n\n\n<p><strong>CM&amp;E NAS REDES SOCIAIS<\/strong><\/p>\n\n\n\n<p><a href=\"https:\/\/www.instagram.com\/conexaomulhereseconomia\">https:\/\/www.instagram.com\/conexaomulhereseconomia<br><\/a><a href=\"https:\/\/www.facebook.com\/conexaomulhereseconomia\">https:\/\/www.facebook.com\/conexaomulhereseconomia<\/a><\/p>\n\n\n\n<br>\n\n\n\n<div class=\"wp-block-buttons is-content-justification-center\"><\/div>\n\n\n\n<hr class=\"wp-block-separator has-css-opacity is-style-wide\"\/>\n\n\n\n<p><strong>ANEXOS<\/strong><\/p>\n\n\n\n<div class=\"wp-block-file\"><a href=\"https:\/\/conexaomulhereseconomia.com.br\/wp-content\/uploads\/2023\/08\/EDITAL-DO-EVENTO-CME-3Enconexao.pdf\" target=\"_blank\" rel=\"noopener\">Edital do Evento CME &#8211; 3\u00ba Enconex\u00e3o<\/a><a href=\"https:\/\/conexaomulhereseconomia.com.br\/wp-content\/uploads\/2023\/08\/EDITAL-DO-EVENTO-CME-3Enconexao.pdf\" class=\"wp-block-file__button\" download=\"\" target=\"_blank\" rel=\"noopener\">Baixar<\/a><\/div>\n\n\n\n<div class=\"wp-block-file\"><a href=\"https:\/\/conexaomulhereseconomia.com.br\/wp-content\/uploads\/2023\/08\/Modelo-do-Resumo-Expandido-3Enconexao.docx\" target=\"_blank\" rel=\"noopener\">Modelo do Resumo Expandido<\/a><a href=\"https:\/\/conexaomulhereseconomia.com.br\/wp-content\/uploads\/2023\/08\/Modelo-do-Resumo-Expandido-3Enconexao.docx\" class=\"wp-block-file__button\" download=\"\" target=\"_blank\" rel=\"noopener\">Baixar<\/a><\/div>\n\n\n\n<div class=\"wp-block-file\"><a href=\"https:\/\/conexaomulhereseconomia.com.br\/wp-content\/uploads\/2023\/08\/Modelo-do-Relato-de-Experiencia-3Enconexao.docx\" target=\"_blank\" rel=\"noopener\">Modelo do Relato de Experi\u00eancia<\/a><a href=\"https:\/\/conexaomulhereseconomia.com.br\/wp-content\/uploads\/2023\/08\/Modelo-do-Relato-de-Experiencia-3Enconexao.docx\" class=\"wp-block-file__button\" download=\"\" target=\"_blank\" rel=\"noopener\">Baixar<\/a><\/div>\n\n\n\n<hr class=\"wp-block-separator has-css-opacity is-style-wide\"\/>\n\n\n\n<center><div class=\"wp-block-buttons is-content-justification-center\">\n<div id=\"BotaoFacaParte\" class=\"wp-block-button\">\n<a class=\"wp-block-button__link\" href=\"https:\/\/conexaomulhereseconomia.com.br\/?page_id=2048\">Inscreva-se<\/a><\/div>\n<\/div><\/center><br>\n\n\n\n<h6 class=\"wp-block-heading has-text-align-right\"><em>Ver.1.1 &#8211; 21\/08\/2023<\/em><\/h6>\n","protected":false},"excerpt":{"rendered":"<p>3\u00ba Enconex\u00e3o | Conex\u00e3o Mulheres e Economia Chamada para submiss\u00e3o de trabalhos O coletivo Conex\u00e3o Mulheres e Economia &#8211; CM&amp;E convida pesquisadoras(es), profissionais e alunas(os) da \u00e1rea para participarem do 3\u00ba Enconex\u00e3o Conex\u00e3o Mulheres e Economia promovido e organizado pelo CM&amp;E. O evento acontecer\u00e1 nos dias 10 e 11 de novembro de 2023. No dia&hellip;&nbsp;<a href=\"https:\/\/conexaomulhereseconomia.com.br\/?page_id=2032\" class=\"\" rel=\"bookmark\">Continue a ler &raquo;<span class=\"screen-reader-text\">Edital 3\u00ba Enconex\u00e3o | CM&#038;E<\/span><\/a><\/p>\n","protected":false},"author":1,"featured_media":0,"parent":2030,"menu_order":1,"comment_status":"closed","ping_status":"closed","template":"","meta":{"neve_meta_sidebar":"full-width","neve_meta_container":"default","neve_meta_enable_content_width":"","neve_meta_content_width":0,"neve_meta_title_alignment":"center","neve_meta_author_avatar":"","neve_post_elements_order":"","neve_meta_disable_header":"","neve_meta_disable_footer":"","neve_meta_disable_title":"on","footnotes":""},"class_list":["post-2032","page","type-page","status-publish","hentry"],"_links":{"self":[{"href":"https:\/\/conexaomulhereseconomia.com.br\/index.php?rest_route=\/wp\/v2\/pages\/2032","targetHints":{"allow":["GET"]}}],"collection":[{"href":"https:\/\/conexaomulhereseconomia.com.br\/index.php?rest_route=\/wp\/v2\/pages"}],"about":[{"href":"https:\/\/conexaomulhereseconomia.com.br\/index.php?rest_route=\/wp\/v2\/types\/page"}],"author":[{"embeddable":true,"href":"https:\/\/conexaomulhereseconomia.com.br\/index.php?rest_route=\/wp\/v2\/users\/1"}],"replies":[{"embeddable":true,"href":"https:\/\/conexaomulhereseconomia.com.br\/index.php?rest_route=%2Fwp%2Fv2%2Fcomments&post=2032"}],"version-history":[{"count":25,"href":"https:\/\/conexaomulhereseconomia.com.br\/index.php?rest_route=\/wp\/v2\/pages\/2032\/revisions"}],"predecessor-version":[{"id":2179,"href":"https:\/\/conexaomulhereseconomia.com.br\/index.php?rest_route=\/wp\/v2\/pages\/2032\/revisions\/2179"}],"up":[{"embeddable":true,"href":"https:\/\/conexaomulhereseconomia.com.br\/index.php?rest_route=\/wp\/v2\/pages\/2030"}],"wp:attachment":[{"href":"https:\/\/conexaomulhereseconomia.com.br\/index.php?rest_route=%2Fwp%2Fv2%2Fmedia&parent=2032"}],"curies":[{"name":"wp","href":"https:\/\/api.w.org\/{rel}","templated":true}]}}