{"id":2184,"date":"2023-10-08T19:37:52","date_gmt":"2023-10-08T22:37:52","guid":{"rendered":"https:\/\/conexaomulhereseconomia.com.br\/?page_id=2184"},"modified":"2023-10-08T19:48:40","modified_gmt":"2023-10-08T22:48:40","slug":"iii-encontro-conexao-mulheres-e-economia","status":"publish","type":"page","link":"https:\/\/conexaomulhereseconomia.com.br\/?page_id=2184","title":{"rendered":"Comunicado 01 &#8211; Prazo submiss\u00e3o"},"content":{"rendered":"\n<p class=\"has-text-align-center\" style=\"font-size:28px\"><strong>3\u00ba Enconex\u00e3o | Conex\u00e3o Mulheres e Economia<\/strong><\/p>\n\n\n\n<br>\n\n\n\n<p class=\"has-text-align-center\"><strong>Comunicado 01 &#8211; Altera\u00e7\u00e3o do prazo para submiss\u00e3o dos trabalhos<\/strong><\/p>\n\n\n\n<br>\n\n\n\n<p>O coletivo <strong>Conex\u00e3o Mulheres e Economia &#8211; CM&amp;E<\/strong>, informa pesquisadores, profissionais e alunos da \u00e1rea sobre a PRORROGA\u00c7\u00c3O do prazo para submiss\u00e3o de novos trabalhos para o evento   <strong>3\u00ba Enconex\u00e3o | Conex\u00e3o Mulheres e Economia<\/strong> promovido e organizado pelo CM&amp;E. <br><\/p>\n\n\n\n<p><strong>NOVO PRAZO DE SUBMISS\u00c3O<\/strong><\/p>\n\n\n\n<p>23 de outubro de 2023 \u00e0s 23:59 (GMT-SP).<\/p>\n\n\n\n<p>As demais datas do cronograma permanecem inalteradas.<\/p>\n\n\n\n<p><strong>CONTATOS<\/strong><\/p>\n\n\n\n<p>Caso tenha alguma d\u00favida com rela\u00e7\u00e3o \u00e0 inscri\u00e7\u00e3o, entre em contato pelo e-mail: <a href=\"mailto:conexaomulhereseconomia@gmail.com\">contato@conexaomulhereseconomia.com.br<\/a><\/p>\n\n\n\n<p>Confira o edital completo, <a href=\"https:\/\/conexaomulhereseconomia.com.br\/?page_id=2032\">clicando aqui<\/a>. <\/p>\n\n\n\n<p><strong> CM&amp;E NAS REDES SOCIAIS<\/strong><\/p>\n\n\n\n<p><a href=\"https:\/\/www.instagram.com\/conexaomulhereseconomia\">https:\/\/www.instagram.com\/conexaomulhereseconomia<br><\/a><a href=\"https:\/\/www.facebook.com\/conexaomulhereseconomia\">https:\/\/www.facebook.com\/conexaomulhereseconomia<\/a><\/p>\n\n\n\n<br>\n\n\n\n<hr class=\"wp-block-separator has-css-opacity is-style-wide\"\/>\n\n\n\n<h6 class=\"wp-block-heading has-text-align-right\"><em>Ver.1.0<\/em><\/h6>\n","protected":false},"excerpt":{"rendered":"<p>3\u00ba Enconex\u00e3o | Conex\u00e3o Mulheres e Economia Comunicado 01 &#8211; Altera\u00e7\u00e3o do prazo para submiss\u00e3o dos trabalhos O coletivo Conex\u00e3o Mulheres e Economia &#8211; CM&amp;E, informa pesquisadores, profissionais e alunos da \u00e1rea sobre a PRORROGA\u00c7\u00c3O do prazo para submiss\u00e3o de novos trabalhos para o evento 3\u00ba Enconex\u00e3o | Conex\u00e3o Mulheres e Economia promovido e organizado&hellip;&nbsp;<a href=\"https:\/\/conexaomulhereseconomia.com.br\/?page_id=2184\" class=\"\" rel=\"bookmark\">Continue a ler &raquo;<span class=\"screen-reader-text\">Comunicado 01 &#8211; Prazo submiss\u00e3o<\/span><\/a><\/p>\n","protected":false},"author":1,"featured_media":0,"parent":2030,"menu_order":1,"comment_status":"closed","ping_status":"closed","template":"","meta":{"neve_meta_sidebar":"full-width","neve_meta_container":"","neve_meta_enable_content_width":"","neve_meta_content_width":0,"neve_meta_title_alignment":"center","neve_meta_author_avatar":"","neve_post_elements_order":"","neve_meta_disable_header":"","neve_meta_disable_footer":"","neve_meta_disable_title":"on","footnotes":""},"class_list":["post-2184","page","type-page","status-publish","hentry"],"_links":{"self":[{"href":"https:\/\/conexaomulhereseconomia.com.br\/index.php?rest_route=\/wp\/v2\/pages\/2184","targetHints":{"allow":["GET"]}}],"collection":[{"href":"https:\/\/conexaomulhereseconomia.com.br\/index.php?rest_route=\/wp\/v2\/pages"}],"about":[{"href":"https:\/\/conexaomulhereseconomia.com.br\/index.php?rest_route=\/wp\/v2\/types\/page"}],"author":[{"embeddable":true,"href":"https:\/\/conexaomulhereseconomia.com.br\/index.php?rest_route=\/wp\/v2\/users\/1"}],"replies":[{"embeddable":true,"href":"https:\/\/conexaomulhereseconomia.com.br\/index.php?rest_route=%2Fwp%2Fv2%2Fcomments&post=2184"}],"version-history":[{"count":4,"href":"https:\/\/conexaomulhereseconomia.com.br\/index.php?rest_route=\/wp\/v2\/pages\/2184\/revisions"}],"predecessor-version":[{"id":2189,"href":"https:\/\/conexaomulhereseconomia.com.br\/index.php?rest_route=\/wp\/v2\/pages\/2184\/revisions\/2189"}],"up":[{"embeddable":true,"href":"https:\/\/conexaomulhereseconomia.com.br\/index.php?rest_route=\/wp\/v2\/pages\/2030"}],"wp:attachment":[{"href":"https:\/\/conexaomulhereseconomia.com.br\/index.php?rest_route=%2Fwp%2Fv2%2Fmedia&parent=2184"}],"curies":[{"name":"wp","href":"https:\/\/api.w.org\/{rel}","templated":true}]}}