{"id":2281,"date":"2023-10-30T16:04:00","date_gmt":"2023-10-30T19:04:00","guid":{"rendered":"https:\/\/conexaomulhereseconomia.com.br\/?page_id=2281"},"modified":"2023-10-30T16:07:20","modified_gmt":"2023-10-30T19:07:20","slug":"iii-encontro-conexao-mulheres-e-economia-2","status":"publish","type":"page","link":"https:\/\/conexaomulhereseconomia.com.br\/?page_id=2281","title":{"rendered":"Comunicado 02 &#8211; Divulga\u00e7\u00e3o dos trabalhos aceitos"},"content":{"rendered":"\n<p class=\"has-text-align-center\" style=\"font-size:28px\"><strong>3\u00ba Enconex\u00e3o | Conex\u00e3o Mulheres e Economia<\/strong><\/p>\n\n\n\n<br>\n\n\n\n<p class=\"has-text-align-center\"><strong>Comunicado 02 &#8211; Divulga\u00e7\u00e3o dos trabalhos aceitos<\/strong><\/p>\n\n\n\n<br>\n\n\n\n<p>O coletivo <strong>Conex\u00e3o Mulheres e Economia &#8211; CM&amp;E<\/strong>, informa pesquisadores, profissionais e alunos da \u00e1rea sobre a DIVULGA\u00c7\u00c3O dos trabalhos aceitos, que encontram-se dispon\u00edveis neste <a rel=\"noreferrer noopener\" href=\"https:\/\/conexaomulhereseconomia.com.br\/?page_id=2229\" target=\"_blank\">link<\/a>. O formato de apresenta\u00e7\u00e3o de cada trabalho est\u00e1 sob an\u00e1lise do comit\u00ea organizador do evento &#8220;<strong>3\u00ba Enconex\u00e3o | Conex\u00e3o Mulheres e Economia<\/strong>&#8220;, promovido e organizado pelo CM&amp;E. A defini\u00e7\u00e3o ser\u00e1 divulgada ao longo da semana, com prazo limite at\u00e9 o dia 02\/11\/2023.<\/p>\n\n\n\n<p><strong>CONTATOS<\/strong><\/p>\n\n\n\n<p>Caso tenha alguma d\u00favida com rela\u00e7\u00e3o \u00e0 inscri\u00e7\u00e3o, entre em contato pelo e-mail: <a href=\"mailto:conexaomulhereseconomia@gmail.com\">contato@conexaomulhereseconomia.com.br<\/a><\/p>\n\n\n\n<p>Confira o edital completo, <a href=\"https:\/\/conexaomulhereseconomia.com.br\/?page_id=2032\">clicando aqui<\/a>. <\/p>\n\n\n\n<p><strong> CM&amp;E NAS REDES SOCIAIS<\/strong><\/p>\n\n\n\n<p><a href=\"https:\/\/www.instagram.com\/conexaomulhereseconomia\">https:\/\/www.instagram.com\/conexaomulhereseconomia<br><\/a><a href=\"https:\/\/www.facebook.com\/conexaomulhereseconomia\">https:\/\/www.facebook.com\/conexaomulhereseconomia<\/a><\/p>\n\n\n\n<br>\n\n\n\n<hr class=\"wp-block-separator has-css-opacity is-style-wide\"\/>\n\n\n\n<h6 class=\"wp-block-heading has-text-align-right\"><em>Ver.1.0<\/em><\/h6>\n","protected":false},"excerpt":{"rendered":"<p>3\u00ba Enconex\u00e3o | Conex\u00e3o Mulheres e Economia Comunicado 02 &#8211; Divulga\u00e7\u00e3o dos trabalhos aceitos O coletivo Conex\u00e3o Mulheres e Economia &#8211; CM&amp;E, informa pesquisadores, profissionais e alunos da \u00e1rea sobre a DIVULGA\u00c7\u00c3O dos trabalhos aceitos, que encontram-se dispon\u00edveis neste link. O formato de apresenta\u00e7\u00e3o de cada trabalho est\u00e1 sob an\u00e1lise do comit\u00ea organizador do evento&hellip;&nbsp;<a href=\"https:\/\/conexaomulhereseconomia.com.br\/?page_id=2281\" class=\"\" rel=\"bookmark\">Continue a ler &raquo;<span class=\"screen-reader-text\">Comunicado 02 &#8211; Divulga\u00e7\u00e3o dos trabalhos aceitos<\/span><\/a><\/p>\n","protected":false},"author":1,"featured_media":0,"parent":2030,"menu_order":1,"comment_status":"closed","ping_status":"closed","template":"","meta":{"neve_meta_sidebar":"full-width","neve_meta_container":"","neve_meta_enable_content_width":"","neve_meta_content_width":0,"neve_meta_title_alignment":"","neve_meta_author_avatar":"","neve_post_elements_order":"","neve_meta_disable_header":"","neve_meta_disable_footer":"","neve_meta_disable_title":"on","footnotes":""},"class_list":["post-2281","page","type-page","status-publish","hentry"],"_links":{"self":[{"href":"https:\/\/conexaomulhereseconomia.com.br\/index.php?rest_route=\/wp\/v2\/pages\/2281","targetHints":{"allow":["GET"]}}],"collection":[{"href":"https:\/\/conexaomulhereseconomia.com.br\/index.php?rest_route=\/wp\/v2\/pages"}],"about":[{"href":"https:\/\/conexaomulhereseconomia.com.br\/index.php?rest_route=\/wp\/v2\/types\/page"}],"author":[{"embeddable":true,"href":"https:\/\/conexaomulhereseconomia.com.br\/index.php?rest_route=\/wp\/v2\/users\/1"}],"replies":[{"embeddable":true,"href":"https:\/\/conexaomulhereseconomia.com.br\/index.php?rest_route=%2Fwp%2Fv2%2Fcomments&post=2281"}],"version-history":[{"count":4,"href":"https:\/\/conexaomulhereseconomia.com.br\/index.php?rest_route=\/wp\/v2\/pages\/2281\/revisions"}],"predecessor-version":[{"id":2286,"href":"https:\/\/conexaomulhereseconomia.com.br\/index.php?rest_route=\/wp\/v2\/pages\/2281\/revisions\/2286"}],"up":[{"embeddable":true,"href":"https:\/\/conexaomulhereseconomia.com.br\/index.php?rest_route=\/wp\/v2\/pages\/2030"}],"wp:attachment":[{"href":"https:\/\/conexaomulhereseconomia.com.br\/index.php?rest_route=%2Fwp%2Fv2%2Fmedia&parent=2281"}],"curies":[{"name":"wp","href":"https:\/\/api.w.org\/{rel}","templated":true}]}}