{"id":2287,"date":"2023-11-02T11:33:21","date_gmt":"2023-11-02T14:33:21","guid":{"rendered":"https:\/\/conexaomulhereseconomia.com.br\/?page_id=2287"},"modified":"2023-11-10T08:41:51","modified_gmt":"2023-11-10T11:41:51","slug":"programacao-2-2","status":"publish","type":"page","link":"https:\/\/conexaomulhereseconomia.com.br\/?page_id=2287","title":{"rendered":"Programa\u00e7\u00e3o &#8211; 3\u00ba Enconex\u00e3o"},"content":{"rendered":"\n<p class=\"has-text-align-center\" style=\"font-size:28px\"><strong>3\u00ba Enconex\u00e3o | CM&amp;E<\/strong><br><\/p>\n\n\n\n<p class=\"has-text-align-left\"><strong>ABERTURA<\/strong><\/p>\n\n\n\n<p class=\"has-text-align-left\">O evento iniciar\u00e1 \u00e0s <strong>13h45<\/strong> com a fala das fundadoras do Conex\u00e3o Mulheres &amp; Economia, no ambiente online.<\/p>\n\n\n\n<p>Convidamos a todos a acessar o menu \u201cArtigos Selecionados\u201d e apreciar os trabalhos postados em texto. Alguns trabalhos ser\u00e3o apresentados em v\u00eddeo e outros ser\u00e3o apresentados ao vivo nos dias do evento, conforme programa\u00e7\u00e3o abaixo.<\/p>\n\n\n\n<p><strong>APRESENTA\u00c7\u00d5ES<\/strong><\/p>\n\n\n\n<p>As apresenta\u00e7\u00f5es ser\u00e3o distribu\u00eddas nos turnos tarde e vespertino, no primeiro dia, com in\u00edcio previsto para \u00e0s 14h, e manh\u00e3, no segundo dia, com in\u00edcio previso para \u00e0s 9h.<\/p>\n\n\n\n<ul class=\"wp-block-list\">\n<li><strong><strong>14h-15h15 \u2013 Sess\u00e3o 1 | Online<\/strong><\/strong><\/li>\n<\/ul>\n\n\n\n<p>\u201cAn\u00e1lise da viol\u00eancia de g\u00eanero no Brasil: per\u00edodo p\u00f3s pandemia\u201d<\/p>\n\n\n\n<p>\u201cAn\u00e1lises das condi\u00e7\u00f5es da inf\u00e2ncia sobre doen\u00e7as psicol\u00f3gicas na vida adulta: um estudo para depress\u00e3o\u201d<\/p>\n\n\n\n<p>\u201cAvalia\u00e7\u00e3o de impacto do Programa Crian\u00e7a Feliz sobre indicadores de viol\u00eancia escolar\u201d<\/p>\n\n\n\n<p>\u201cUma an\u00e1lise das condi\u00e7\u00f5es de educa\u00e7\u00e3o a partir dos Censos 2000 e 2010 no territ\u00f3rio de identidade sudoeste baiano\u201d<\/p>\n\n\n\n<ul class=\"wp-block-list\">\n<li><strong><strong>15h15-15h30 \u2013 Intervalo<\/strong><\/strong><\/li>\n\n\n\n<li><strong>15h30-16h45 \u2013 Sess\u00e3o 2<strong> | Online<\/strong><\/strong><\/li>\n<\/ul>\n\n\n\n<p>\u201cQuociente locacional da educa\u00e7\u00e3o superior no COREDE Central\u201d<\/p>\n\n\n\n<p>\u201cA estrat\u00e9gia nacional de educa\u00e7\u00e3o financeira do Brasil: o uso de tecnologias digitais de informa\u00e7\u00e3o e comunica\u00e7\u00e3o na oferta de conte\u00fado financeiro\u201d<\/p>\n\n\n\n<p>\u201cMedidas de acesso ao bem viver na cidade: uma descri\u00e7\u00e3o dos motivos e destinos das viagens de usu\u00e1rios de transporte p\u00fablico na Regi\u00e3o Metropolitana de S\u00e3o Paulo\u201d <\/p>\n\n\n\n<p>\u201cBreves reflex\u00f5es acerca do com\u00e9rcio internacional brasileiro durante a pandemia da Covid-19\u201d<\/p>\n\n\n\n<p class=\"has-text-align-center\" id=\"videos\"><\/P>\n\n\n\n<ul class=\"wp-block-list\">\n<li><strong><strong>16h45-17h \u2013 Sess\u00e3o 3* | V\u00eddeos<\/strong><\/strong><\/li>\n<\/ul>\n\n\n\n<p>\u201cEmpoderamento econ\u00f4mico de mulheres como ferramenta de desenvolvimento social\u201d\n<br>\n<a href=\"https:\/\/conexaomulhereseconomia.com.br\/?page_id=2229#videoid1\" class=\"wp-block-file__button\" style=\"background:rgba(217,165,181,0.91);color:black;\">Assistir apresenta\u00e7\u00e3o<\/a>\n<\/p>\n\n\n\n<p>\u201cUma breve discuss\u00e3o sobre a economia comportamental antes e depois de Prospect Theory\u201d\n<br>\n<a href=\"https:\/\/conexaomulhereseconomia.com.br\/?page_id=2229#videoid2\" class=\"wp-block-file__button\" style=\"background:rgba(217,165,181,0.91);color:black;\">Assistir apresenta\u00e7\u00e3o<\/a>\n<\/p>\n\n\n\n<p>\u201cExplorando a economia pol\u00edtica, social e demogr\u00e1fica: interconex\u00f5es e desafios&#8221;\n<br>\n<a href=\"https:\/\/conexaomulhereseconomia.com.br\/?page_id=2229#videoid3\" class=\"wp-block-file__button\" style=\"background:rgba(217,165,181,0.91);color:black;\">Assistir apresenta\u00e7\u00e3o<\/a>\n<\/p>\n\n\n\n<p>\u201cCapital humano e desenvolvimento econ\u00f4mico&#8221;\n<br>\n<a href=\"https:\/\/conexaomulhereseconomia.com.br\/?page_id=2229#videoid4\" class=\"wp-block-file__button\" style=\"background:rgba(217,165,181,0.91);color:black;\">Assistir apresenta\u00e7\u00e3o<\/a>\n<\/p>\n\n\n\n<p>\u201cA especializa\u00e7\u00e3o dos COREDES Vale do Taquari e Vale do Rio Pardo na silvicultura no estado do Rio Grande do Sul&#8221;\n<br>\n<a href=\"https:\/\/conexaomulhereseconomia.com.br\/?page_id=2229#videoid6\" class=\"wp-block-file__button\" style=\"background:rgba(217,165,181,0.91);color:black;\">Assistir apresenta\u00e7\u00e3o<\/a>\n<\/p>\n\n\n\n<p>\u201cProdu\u00e7\u00e3o de m\u00e1quinas e implementos agr\u00edcolas no Rio Grande do Sul: gera\u00e7\u00e3o de emprego e renda&#8221;\n<br>\n<a href=\"https:\/\/conexaomulhereseconomia.com.br\/?page_id=2229#videoid7\" class=\"wp-block-file__button\" style=\"background:rgba(217,165,181,0.91);color:black;\">Assistir apresenta\u00e7\u00e3o<\/a>\n<\/p>\n\n\n\n<p>\u201cA produ\u00e7\u00e3o de soja no continente africano com investimento chin\u00eas&#8221;\n<br>\n<a href=\"https:\/\/conexaomulhereseconomia.com.br\/?page_id=2229#videoid8\" class=\"wp-block-file__button\" style=\"background:rgba(217,165,181,0.91);color:black;\">Assistir apresenta\u00e7\u00e3o<\/a>\n<\/p>\n\n\n\n<p>\u201cCervical cancer in the Brazilian states&#8221;\n<br>\n<a href=\"https:\/\/conexaomulhereseconomia.com.br\/?page_id=2229#videoid9\" class=\"wp-block-file__button\" style=\"background:rgba(217,165,181,0.91);color:black;\">Assistir apresenta\u00e7\u00e3o<\/a>\n<\/p>\n\n\n\n<p><strong><em><em><strong><sub><sup>* Per\u00edodo de perguntas e de debate sobre as apresenta\u00e7\u00f5es realizadas em v\u00eddeo.<\/sup><\/sub><\/strong><\/em><\/em><\/strong><\/p>\n\n\n\n<ul class=\"wp-block-list\">\n<li><strong><strong>9h-11h \u2013 Sess\u00e3o 4 | Presencial<\/strong><\/strong><\/li>\n<\/ul>\n\n\n\n<p>\u201cAnalisando a tributa\u00e7\u00e3o verde sobre o transporte na Fran\u00e7a impacto na arrecada\u00e7\u00e3o tribut\u00e1ria e PIB entre 2010 e 2020\u201d<\/p>\n\n\n\n<p>\u201c\u00cdndice de desenvolvimento sustent\u00e1vel para munic\u00edpios: uma an\u00e1lise da zona costeira do Rio Grande do Sul\u201d<\/p>\n\n\n\n<p>\u201cImpacto do capital humano no rendimento dos trabalhadores de Santa Maria (RS)\u201d<\/p>\n\n\n\n<p>\u201cImpacto da pandemia da Covid-19 sobre o setor de empregados dom\u00e9sticos brasileiros\u201d<\/p>\n\n\n\n<p>\u201cRetrato da pobreza na m\u00eddia\u201d<\/p>\n\n\n\n<p>\u201cInflu\u00eancia da composi\u00e7\u00e3o familiar no desempenho acad\u00eamico\u201d<\/p>\n\n\n\n<p>\u201cFatores e motiva\u00e7\u00f5es associados a viol\u00eancia dom\u00e9stica contra a mulher: revis\u00e3o sistem\u00e1tica da literatura\u201d<\/p>\n\n\n\n<p><strong>ENCERRAMENTO<\/strong><\/p>\n\n\n\n<p>In\u00edcio previsto para \u00e0s 11h, com encerramento do evento programado para \u00e0s 12h.<\/p>\n","protected":false},"excerpt":{"rendered":"<p>3\u00ba Enconex\u00e3o | CM&amp;E ABERTURA O evento iniciar\u00e1 \u00e0s 13h45 com a fala das fundadoras do Conex\u00e3o Mulheres &amp; Economia, no ambiente online. Convidamos a todos a acessar o menu \u201cArtigos Selecionados\u201d e apreciar os trabalhos postados em texto. Alguns trabalhos ser\u00e3o apresentados em v\u00eddeo e outros ser\u00e3o apresentados ao vivo nos dias do evento,&hellip;&nbsp;<a href=\"https:\/\/conexaomulhereseconomia.com.br\/?page_id=2287\" class=\"\" rel=\"bookmark\">Continue a ler &raquo;<span class=\"screen-reader-text\">Programa\u00e7\u00e3o &#8211; 3\u00ba Enconex\u00e3o<\/span><\/a><\/p>\n","protected":false},"author":1,"featured_media":0,"parent":2030,"menu_order":3,"comment_status":"closed","ping_status":"closed","template":"","meta":{"neve_meta_sidebar":"full-width","neve_meta_container":"default","neve_meta_enable_content_width":"off","neve_meta_content_width":80,"neve_meta_title_alignment":"","neve_meta_author_avatar":"","neve_post_elements_order":"","neve_meta_disable_header":"","neve_meta_disable_footer":"","neve_meta_disable_title":"on","footnotes":""},"class_list":["post-2287","page","type-page","status-publish","hentry"],"_links":{"self":[{"href":"https:\/\/conexaomulhereseconomia.com.br\/index.php?rest_route=\/wp\/v2\/pages\/2287","targetHints":{"allow":["GET"]}}],"collection":[{"href":"https:\/\/conexaomulhereseconomia.com.br\/index.php?rest_route=\/wp\/v2\/pages"}],"about":[{"href":"https:\/\/conexaomulhereseconomia.com.br\/index.php?rest_route=\/wp\/v2\/types\/page"}],"author":[{"embeddable":true,"href":"https:\/\/conexaomulhereseconomia.com.br\/index.php?rest_route=\/wp\/v2\/users\/1"}],"replies":[{"embeddable":true,"href":"https:\/\/conexaomulhereseconomia.com.br\/index.php?rest_route=%2Fwp%2Fv2%2Fcomments&post=2287"}],"version-history":[{"count":28,"href":"https:\/\/conexaomulhereseconomia.com.br\/index.php?rest_route=\/wp\/v2\/pages\/2287\/revisions"}],"predecessor-version":[{"id":2412,"href":"https:\/\/conexaomulhereseconomia.com.br\/index.php?rest_route=\/wp\/v2\/pages\/2287\/revisions\/2412"}],"up":[{"embeddable":true,"href":"https:\/\/conexaomulhereseconomia.com.br\/index.php?rest_route=\/wp\/v2\/pages\/2030"}],"wp:attachment":[{"href":"https:\/\/conexaomulhereseconomia.com.br\/index.php?rest_route=%2Fwp%2Fv2%2Fmedia&parent=2287"}],"curies":[{"name":"wp","href":"https:\/\/api.w.org\/{rel}","templated":true}]}}