{"id":464,"date":"2021-04-21T17:47:50","date_gmt":"2021-04-21T20:47:50","guid":{"rendered":"https:\/\/conexaomulhereseconomia.com.br\/?page_id=464"},"modified":"2021-04-24T18:37:29","modified_gmt":"2021-04-24T21:37:29","slug":"faca-parte","status":"publish","type":"page","link":"https:\/\/conexaomulhereseconomia.com.br\/?page_id=464","title":{"rendered":"Fa\u00e7a Parte"},"content":{"rendered":"\n<br>\n\n\n\n<p class=\"has-text-align-center\">Se voc\u00ea quer fazer parte do nosso grupo, preencha o formul\u00e1rio abaixo.<\/p>\n\n\n\n<hr class=\"wp-block-separator is-style-wide\"\/>\n\n\n<div class=\"caldera-grid\" id=\"caldera_form_1\" data-cf-ver=\"1.9.7\" data-cf-form-id=\"CF60807b96cb61e\"><div id=\"caldera_notices_1\" data-spinner=\"https:\/\/conexaomulhereseconomia.com.br\/wp-admin\/images\/spinner.gif\"><\/div><form data-instance=\"1\" class=\"CF60807b96cb61e caldera_forms_form cfajax-trigger\" method=\"POST\" enctype=\"multipart\/form-data\" id=\"CF60807b96cb61e_1\" data-form-id=\"CF60807b96cb61e\" aria-label=\"Fa&ccedil;a Parte\" data-target=\"#caldera_notices_1\" data-template=\"#cfajax_CF60807b96cb61e-tmpl\" data-cfajax=\"CF60807b96cb61e\" data-load-element=\"_parent\" data-load-class=\"cf_processing\" data-post-disable=\"0\" data-action=\"cf_process_ajax_submit\" data-request=\"https:\/\/conexaomulhereseconomia.com.br\/?cf_api=CF60807b96cb61e\">\r\n<input type=\"hidden\" id=\"_cf_verify_CF60807b96cb61e\" name=\"_cf_verify\" value=\"325c1a660d\"  data-nonce-time=\"1778242614\" \/><input type=\"hidden\" name=\"_wp_http_referer\" value=\"\/index.php?rest_route=%2Fwp%2Fv2%2Fpages%2F464\" \/><div id=\"cf2-CF60807b96cb61e_1\"><\/div><input type=\"hidden\" name=\"_cf_frm_id\" value=\"CF60807b96cb61e\">\r\n<input type=\"hidden\" name=\"_cf_frm_ct\" value=\"1\">\r\n<input type=\"hidden\" name=\"cfajax\" value=\"CF60807b96cb61e\">\r\n<input type=\"hidden\" name=\"_cf_cr_pst\" value=\"464\">\r\n<div class=\"hide\" style=\"display:none; overflow:hidden;height:0;width:0;\">\r\n<label>Phone<\/label><input type=\"text\" name=\"phone\" value=\"\" autocomplete=\"off\">\r\n<\/div><div id=\"CF60807b96cb61e_1-row-1\"  class=\"row  first_row\"><div  class=\"col-sm-6  first_col\"><div data-field-wrapper=\"fld_4213512\" class=\"form-group Formulario_CME\" id=\"fld_4213512_1-wrap\">\r\n\t<label id=\"fld_4213512Label\" for=\"fld_4213512_1\" class=\"control-label\">Nome Completo <span aria-hidden=\"true\" role=\"presentation\" class=\"field_required\" style=\"color:#ee0000;\">*<\/span><\/label>\r\n\t<div class=\"\">\r\n\t\t<input placeholder=\"Informe seu nome completo\"  required type=\"text\" data-field=\"fld_4213512\" class=\" form-control\" id=\"fld_4213512_1\" name=\"fld_4213512\" value=\"\" data-type=\"text\" aria-required=\"true\"   aria-labelledby=\"fld_4213512Label\" >\t\t\t<\/div>\r\n<\/div>\r\n<\/div><div  class=\"col-sm-6  last_col\"><div data-field-wrapper=\"fld_4588722\" class=\"form-group Formulario_CME\" id=\"fld_4588722_1-wrap\">\r\n\t<label id=\"fld_4588722Label\" for=\"fld_4588722_1\" class=\"control-label\">Endere\u00e7o de e-mail <span aria-hidden=\"true\" role=\"presentation\" class=\"field_required\" style=\"color:#ee0000;\">*<\/span><\/label>\r\n\t<div class=\"\">\r\n\t\t<input placeholder=\"Informe seu e-mail\"  required type=\"email\" data-field=\"fld_4588722\" class=\" form-control\" id=\"fld_4588722_1\" name=\"fld_4588722\" value=\"\" data-type=\"email\" aria-required=\"true\"   aria-labelledby=\"fld_4588722Label\" >\t\t\t<\/div>\r\n<\/div>\r\n<\/div><\/div><div id=\"CF60807b96cb61e_1-row-2\"  class=\"row \"><div  class=\"col-sm-12  single\"><div class=\"\"><p><\/p>\n<\/div><\/div><\/div><div id=\"CF60807b96cb61e_1-row-3\"  class=\"row \"><div  class=\"col-sm-3  first_col\"><div data-field-wrapper=\"fld_4740538\" class=\"form-group Formulario_CME\" id=\"fld_4740538_1-wrap\">\r\n\t<label id=\"fld_4740538Label\" for=\"fld_4740538_1\" class=\"control-label\">Data de nascimento <span aria-hidden=\"true\" role=\"presentation\" class=\"field_required\" style=\"color:#ee0000;\">*<\/span><\/label>\r\n\t<div class=\"\">\r\n\t\t<input  data-inputmask=\"'mask': '99\/99\/9999'\"  required type=\"date\" data-field=\"fld_4740538\" class=\" form-control\" id=\"fld_4740538_1\" name=\"fld_4740538\" value=\"\" data-type=\"date\" aria-required=\"true\"   aria-labelledby=\"fld_4740538Label\" >\t\t\t<\/div>\r\n<\/div>\r\n<\/div><div  class=\"col-sm-3 \"><div data-field-wrapper=\"fld_7612140\" class=\"form-group Formulario_CME\" id=\"fld_7612140_1-wrap\">\r\n\t<label id=\"fld_7612140Label\" for=\"fld_7612140_1\" class=\"control-label\">Cidade de resid\u00eancia <span aria-hidden=\"true\" role=\"presentation\" class=\"field_required\" style=\"color:#ee0000;\">*<\/span><\/label>\r\n\t<div class=\"\">\r\n\t\t<input placeholder=\"Informe aqui\"  required type=\"text\" data-field=\"fld_7612140\" class=\" form-control\" id=\"fld_7612140_1\" name=\"fld_7612140\" value=\"\" data-type=\"text\" aria-required=\"true\"   aria-labelledby=\"fld_7612140Label\" >\t\t\t<\/div>\r\n<\/div>\r\n<\/div><div  class=\"col-sm-2 \"><div data-field-wrapper=\"fld_6920273\" class=\"form-group Formulario_CME\" id=\"fld_6920273_1-wrap\">\r\n\t<label id=\"fld_6920273Label\" for=\"fld_6920273_1\" class=\"control-label\">UF <span aria-hidden=\"true\" role=\"presentation\" class=\"field_required\" style=\"color:#ee0000;\">*<\/span><\/label>\r\n\t<div class=\"\">\r\n\t\t<select name=\"fld_6920273\" value=\"\" data-field=\"fld_6920273\" class=\"form-control\" id=\"fld_6920273_1\"  required=\"required\"  aria-labelledby=\"fld_6920273Label\" >\n\t\t<option value=\"\"><\/option>\r\n\t\t\t\t\t<option value=\"AC\"  data-calc-value=\"AC\" >\n\t\t\t\t\t\tAC\t\t\t\t\t<\/option>\n\t\t\t\t\t\t\t\t\t\t<option value=\"AL\"  data-calc-value=\"AL\" >\n\t\t\t\t\t\tAL\t\t\t\t\t<\/option>\n\t\t\t\t\t\t\t\t\t\t<option value=\"AM\"  data-calc-value=\"AM\" >\n\t\t\t\t\t\tAM\t\t\t\t\t<\/option>\n\t\t\t\t\t\t\t\t\t\t<option value=\"AP\"  data-calc-value=\"AP\" >\n\t\t\t\t\t\tAP\t\t\t\t\t<\/option>\n\t\t\t\t\t\t\t\t\t\t<option value=\"BA\"  data-calc-value=\"BA\" >\n\t\t\t\t\t\tBA\t\t\t\t\t<\/option>\n\t\t\t\t\t\t\t\t\t\t<option value=\"CE\"  data-calc-value=\"CE\" >\n\t\t\t\t\t\tCE\t\t\t\t\t<\/option>\n\t\t\t\t\t\t\t\t\t\t<option value=\"DF\"  data-calc-value=\"DF\" >\n\t\t\t\t\t\tDF\t\t\t\t\t<\/option>\n\t\t\t\t\t\t\t\t\t\t<option value=\"ES\"  data-calc-value=\"ES\" >\n\t\t\t\t\t\tES\t\t\t\t\t<\/option>\n\t\t\t\t\t\t\t\t\t\t<option value=\"GO\"  data-calc-value=\"GO\" >\n\t\t\t\t\t\tGO\t\t\t\t\t<\/option>\n\t\t\t\t\t\t\t\t\t\t<option value=\"MA\"  data-calc-value=\"MA\" >\n\t\t\t\t\t\tMA\t\t\t\t\t<\/option>\n\t\t\t\t\t\t\t\t\t\t<option value=\"MG\"  data-calc-value=\"MG\" >\n\t\t\t\t\t\tMG\t\t\t\t\t<\/option>\n\t\t\t\t\t\t\t\t\t\t<option value=\"MS\"  data-calc-value=\"MS\" >\n\t\t\t\t\t\tMS\t\t\t\t\t<\/option>\n\t\t\t\t\t\t\t\t\t\t<option value=\"MT\"  data-calc-value=\"MT\" >\n\t\t\t\t\t\tMT\t\t\t\t\t<\/option>\n\t\t\t\t\t\t\t\t\t\t<option value=\"PA\"  data-calc-value=\"PA\" >\n\t\t\t\t\t\tPA\t\t\t\t\t<\/option>\n\t\t\t\t\t\t\t\t\t\t<option value=\"PB\"  data-calc-value=\"PB\" >\n\t\t\t\t\t\tPB\t\t\t\t\t<\/option>\n\t\t\t\t\t\t\t\t\t\t<option value=\"PE\"  data-calc-value=\"PE\" >\n\t\t\t\t\t\tPE\t\t\t\t\t<\/option>\n\t\t\t\t\t\t\t\t\t\t<option value=\"PI\"  data-calc-value=\"PI\" >\n\t\t\t\t\t\tPI\t\t\t\t\t<\/option>\n\t\t\t\t\t\t\t\t\t\t<option value=\"PR\"  data-calc-value=\"PR\" >\n\t\t\t\t\t\tPR\t\t\t\t\t<\/option>\n\t\t\t\t\t\t\t\t\t\t<option value=\"RJ\"  data-calc-value=\"RJ\" >\n\t\t\t\t\t\tRJ\t\t\t\t\t<\/option>\n\t\t\t\t\t\t\t\t\t\t<option value=\"RN\"  data-calc-value=\"RN\" >\n\t\t\t\t\t\tRN\t\t\t\t\t<\/option>\n\t\t\t\t\t\t\t\t\t\t<option value=\"RO\"  data-calc-value=\"RO\" >\n\t\t\t\t\t\tRO\t\t\t\t\t<\/option>\n\t\t\t\t\t\t\t\t\t\t<option value=\"RR\"  data-calc-value=\"RR\" >\n\t\t\t\t\t\tRR\t\t\t\t\t<\/option>\n\t\t\t\t\t\t\t\t\t\t<option value=\"RS\"  data-calc-value=\"RS\" >\n\t\t\t\t\t\tRS\t\t\t\t\t<\/option>\n\t\t\t\t\t\t\t\t\t\t<option value=\"SC\"  data-calc-value=\"SC\" >\n\t\t\t\t\t\tSC\t\t\t\t\t<\/option>\n\t\t\t\t\t\t\t\t\t\t<option value=\"SE\"  data-calc-value=\"SE\" >\n\t\t\t\t\t\tSE\t\t\t\t\t<\/option>\n\t\t\t\t\t\t\t\t\t\t<option value=\"SP\"  data-calc-value=\"SP\" >\n\t\t\t\t\t\tSP\t\t\t\t\t<\/option>\n\t\t\t\t\t\t\t\t\t\t<option value=\"TO\"  data-calc-value=\"TO\" >\n\t\t\t\t\t\tTO\t\t\t\t\t<\/option>\n\t\t\t\t\t\t\t<\/select>\n\t\t\t<\/div>\r\n<\/div>\r\n<\/div><div  class=\"col-sm-4  last_col\"><div data-field-wrapper=\"fld_8898411\" class=\"form-group Formulario_CME\" id=\"fld_8898411_1-wrap\">\r\n\t<label id=\"fld_8898411Label\" for=\"fld_8898411_1\" class=\"control-label\">\u00c1rea de forma\u00e7\u00e3o <span aria-hidden=\"true\" role=\"presentation\" class=\"field_required\" style=\"color:#ee0000;\">*<\/span><\/label>\r\n\t<div class=\"\">\r\n\t\t<input placeholder=\"Informe aqui\"  required type=\"text\" data-field=\"fld_8898411\" class=\" form-control\" id=\"fld_8898411_1\" name=\"fld_8898411\" value=\"\" data-type=\"text\" aria-required=\"true\"   aria-labelledby=\"fld_8898411Label\" >\t\t\t<\/div>\r\n<\/div>\r\n<\/div><\/div><div id=\"CF60807b96cb61e_1-row-4\"  class=\"row \"><div  class=\"col-sm-12  single\"><div class=\"\"><p><\/p>\n<\/div><\/div><\/div><div id=\"CF60807b96cb61e_1-row-5\"  class=\"row \"><div  class=\"col-sm-6  first_col\"><div data-field-wrapper=\"fld_3112950\" class=\"form-group Formulario_CME\" id=\"fld_3112950_1-wrap\">\r\n\t<label id=\"fld_3112950Label\" for=\"fld_3112950_1\" class=\"control-label\">\u00c1rea de atua\u00e7\u00e3o <span aria-hidden=\"true\" role=\"presentation\" class=\"field_required\" style=\"color:#ee0000;\">*<\/span><\/label>\r\n\t<div class=\"\">\r\n\t\t<input placeholder=\"Informe aqui\"  required type=\"text\" data-field=\"fld_3112950\" class=\" form-control\" id=\"fld_3112950_1\" name=\"fld_3112950\" value=\"\" data-type=\"text\" aria-required=\"true\"   aria-labelledby=\"fld_3112950Label\" >\t\t\t<\/div>\r\n<\/div>\r\n<\/div><div  class=\"col-sm-6  last_col\"><div data-field-wrapper=\"fld_4102479\" class=\"form-group Formulario_CME\" id=\"fld_4102479_1-wrap\">\r\n\t<label id=\"fld_4102479Label\" for=\"fld_4102479_1\" class=\"control-label\">Institui\u00e7\u00e3o<\/label>\r\n\t<div class=\"\">\r\n\t\t<input placeholder=\"Informe aqui\"   type=\"text\" data-field=\"fld_4102479\" class=\" form-control\" id=\"fld_4102479_1\" name=\"fld_4102479\" value=\"\" data-type=\"text\"   aria-labelledby=\"fld_4102479Label\" >\t\t\t<\/div>\r\n<\/div>\r\n<\/div><\/div><div id=\"CF60807b96cb61e_1-row-6\"  class=\"row \"><div  class=\"col-sm-12  single\"><div class=\"\"><p><\/p>\n<\/div><\/div><\/div><div id=\"CF60807b96cb61e_1-row-7\"  class=\"row \"><div  class=\"col-sm-6  first_col\"><div data-field-wrapper=\"fld_5976159\" class=\"form-group Formulario_CME\" id=\"fld_5976159_1-wrap\">\r\n<label id=\"fld_5976159Label\" for=\"fld_5976159_1\" class=\"control-label\">Escolaridade <span aria-hidden=\"true\" role=\"presentation\" class=\"field_required\" style=\"color:#ee0000;\">*<\/span><\/label>\r\n<div class=\"\">\r\n\t\t\t\t\t<div class=\"radio\">\n\t\t\t\t<label data-label=\"Ensino Fundamental Incompleto\" for=\"fld_5976159_1_opt1455332\"><input type=\"radio\" id=\"fld_5976159_1_opt1455332\" data-field=\"fld_5976159\" class=\"fld_5976159_1 option-required\" name=\"fld_5976159\" value=\"Ensino Fundamental Incompleto\"   required=\"required\" data-radio-field=\"fld_5976159_1\" data-type=\"radio\" data-calc-value=\"Ensino Fundamental Incompleto\" \/>\n\t\t\tEnsino Fundamental Incompleto\t\t<\/label>\n\t\t\t\t\t<\/div>\n\t\t\t\t\t\t\t\t\t<div class=\"radio\">\n\t\t\t\t<label data-label=\"Ensino Fundamental Completo\" for=\"fld_5976159_1_opt2008367\"><input type=\"radio\" id=\"fld_5976159_1_opt2008367\" data-field=\"fld_5976159\" class=\"fld_5976159_1 option-required\" name=\"fld_5976159\" value=\"Ensino Fundamental Completo\"   required=\"required\" data-radio-field=\"fld_5976159_1\" data-type=\"radio\" data-calc-value=\"Ensino Fundamental Completo\" \/>\n\t\t\tEnsino Fundamental Completo\t\t<\/label>\n\t\t\t\t\t<\/div>\n\t\t\t\t\t\t\t\t\t<div class=\"radio\">\n\t\t\t\t<label data-label=\"Ensino M\u00e9dio Incompleto\" for=\"fld_5976159_1_opt1900385\"><input type=\"radio\" id=\"fld_5976159_1_opt1900385\" data-field=\"fld_5976159\" class=\"fld_5976159_1 option-required\" name=\"fld_5976159\" value=\"Ensino M\u00e9dio Incompleto\"   required=\"required\" data-radio-field=\"fld_5976159_1\" data-type=\"radio\" data-calc-value=\"Ensino M\u00e9dio Incompleto\" \/>\n\t\t\tEnsino M\u00e9dio Incompleto\t\t<\/label>\n\t\t\t\t\t<\/div>\n\t\t\t\t\t\t\t\t\t<div class=\"radio\">\n\t\t\t\t<label data-label=\"Ensino M\u00e9dio Completo\" for=\"fld_5976159_1_opt1898352\"><input type=\"radio\" id=\"fld_5976159_1_opt1898352\" data-field=\"fld_5976159\" class=\"fld_5976159_1 option-required\" name=\"fld_5976159\" value=\"Ensino M\u00e9dio Completo\"   required=\"required\" data-radio-field=\"fld_5976159_1\" data-type=\"radio\" data-calc-value=\"Ensino M\u00e9dio Completo\" \/>\n\t\t\tEnsino M\u00e9dio Completo\t\t<\/label>\n\t\t\t\t\t<\/div>\n\t\t\t\t\t\t\t\t\t<div class=\"radio\">\n\t\t\t\t<label data-label=\"Ensino Superior Incompleto\" for=\"fld_5976159_1_opt1613692\"><input type=\"radio\" id=\"fld_5976159_1_opt1613692\" data-field=\"fld_5976159\" class=\"fld_5976159_1 option-required\" name=\"fld_5976159\" value=\"Ensino Superior Incompleto\"   required=\"required\" data-radio-field=\"fld_5976159_1\" data-type=\"radio\" data-calc-value=\"Ensino Superior Incompleto\" \/>\n\t\t\tEnsino Superior Incompleto\t\t<\/label>\n\t\t\t\t\t<\/div>\n\t\t\t\t\t\t\t\t\t<div class=\"radio\">\n\t\t\t\t<label data-label=\"Ensino Superior Completo\" for=\"fld_5976159_1_opt1222348\"><input type=\"radio\" id=\"fld_5976159_1_opt1222348\" data-field=\"fld_5976159\" class=\"fld_5976159_1 option-required\" name=\"fld_5976159\" value=\"Ensino Superior Completo\"   required=\"required\" data-radio-field=\"fld_5976159_1\" data-type=\"radio\" data-calc-value=\"Ensino Superior Completo\" \/>\n\t\t\tEnsino Superior Completo\t\t<\/label>\n\t\t\t\t\t<\/div>\n\t\t\t\t\t\t\t\t\t<div class=\"radio\">\n\t\t\t\t<label data-label=\"Mestrado\" for=\"fld_5976159_1_opt1574668\"><input type=\"radio\" id=\"fld_5976159_1_opt1574668\" data-field=\"fld_5976159\" class=\"fld_5976159_1 option-required\" name=\"fld_5976159\" value=\"Mestrado\"   required=\"required\" data-radio-field=\"fld_5976159_1\" data-type=\"radio\" data-calc-value=\"Mestrado\" \/>\n\t\t\tMestrado\t\t<\/label>\n\t\t\t\t\t<\/div>\n\t\t\t\t\t\t\t\t\t<div class=\"radio\">\n\t\t\t\t<label data-label=\"Doutorado\" for=\"fld_5976159_1_opt1590606\"><input type=\"radio\" id=\"fld_5976159_1_opt1590606\" data-field=\"fld_5976159\" class=\"fld_5976159_1 option-required\" name=\"fld_5976159\" value=\"Doutorado\"   required=\"required\" data-radio-field=\"fld_5976159_1\" data-type=\"radio\" data-calc-value=\"Doutorado\" \/>\n\t\t\tDoutorado\t\t<\/label>\n\t\t\t\t\t<\/div>\n\t\t\t\t\t\t\t\t\t<div class=\"radio\">\n\t\t\t\t<label data-label=\"Outro\" for=\"fld_5976159_1_opt1236148\"><input type=\"radio\" id=\"fld_5976159_1_opt1236148\" data-field=\"fld_5976159\" class=\"fld_5976159_1 option-required\" name=\"fld_5976159\" value=\"Outro\"   required=\"required\" data-radio-field=\"fld_5976159_1\" data-type=\"radio\" data-calc-value=\"Outro\" \/>\n\t\t\tOutro\t\t<\/label>\n\t\t\t\t\t<\/div>\n\t\t\t\t<\/div>\r\n<\/div>\r\n<\/div><div  class=\"col-sm-6  last_col\"><div data-field-wrapper=\"fld_5813107\" class=\"form-group Formulario_CME\" id=\"fld_5813107_1-wrap\">\r\n<label id=\"fld_5813107Label\" for=\"fld_5813107_1\" class=\"control-label\">Como voc\u00ea ficou sabendo do Conex\u00e3o Mulheres &#038; Economia <span aria-hidden=\"true\" role=\"presentation\" class=\"field_required\" style=\"color:#ee0000;\">*<\/span><\/label>\r\n<div class=\"\">\r\n\t\t\t\t\t<div class=\"radio\">\n\t\t\t\t<label data-label=\"Pelas redes sociais (Facebook e Instagram)\" for=\"fld_5813107_1_opt1649162\"><input type=\"radio\" id=\"fld_5813107_1_opt1649162\" data-field=\"fld_5813107\" class=\"fld_5813107_1 option-required\" name=\"fld_5813107\" value=\"Pelas redes sociais (Facebook e Instagram)\"   required=\"required\" data-radio-field=\"fld_5813107_1\" data-type=\"radio\" data-calc-value=\"Pelas redes sociais (Facebook e Instagram)\" \/>\n\t\t\tPelas redes sociais (Facebook e Instagram)\t\t<\/label>\n\t\t\t\t\t<\/div>\n\t\t\t\t\t\t\t\t\t<div class=\"radio\">\n\t\t\t\t<label data-label=\"Pelo website do grupo\" for=\"fld_5813107_1_opt1260459\"><input type=\"radio\" id=\"fld_5813107_1_opt1260459\" data-field=\"fld_5813107\" class=\"fld_5813107_1 option-required\" name=\"fld_5813107\" value=\"Pelo website do grupo\"   required=\"required\" data-radio-field=\"fld_5813107_1\" data-type=\"radio\" data-calc-value=\"Pelo website do grupo\" \/>\n\t\t\tPelo website do grupo\t\t<\/label>\n\t\t\t\t\t<\/div>\n\t\t\t\t\t\t\t\t\t<div class=\"radio\">\n\t\t\t\t<label data-label=\"Por indica\u00e7\u00e3o de amigas e colegas\" for=\"fld_5813107_1_opt1126842\"><input type=\"radio\" id=\"fld_5813107_1_opt1126842\" data-field=\"fld_5813107\" class=\"fld_5813107_1 option-required\" name=\"fld_5813107\" value=\"Por indica\u00e7\u00e3o de amigas e colegas\"   required=\"required\" data-radio-field=\"fld_5813107_1\" data-type=\"radio\" data-calc-value=\"Por indica\u00e7\u00e3o de amigas e colegas\" \/>\n\t\t\tPor indica\u00e7\u00e3o de amigas e colegas\t\t<\/label>\n\t\t\t\t\t<\/div>\n\t\t\t\t\t\t\t\t\t<div class=\"radio\">\n\t\t\t\t<label data-label=\"Outro\" for=\"fld_5813107_1_opt1614275\"><input type=\"radio\" id=\"fld_5813107_1_opt1614275\" data-field=\"fld_5813107\" class=\"fld_5813107_1 option-required\" name=\"fld_5813107\" value=\"Outro\"   required=\"required\" data-radio-field=\"fld_5813107_1\" data-type=\"radio\" data-calc-value=\"Outro\" \/>\n\t\t\tOutro\t\t<\/label>\n\t\t\t\t\t<\/div>\n\t\t\t\t<\/div>\r\n<\/div>\r\n<\/div><\/div><div id=\"CF60807b96cb61e_1-row-8\"  class=\"row \"><div  class=\"col-sm-12  single\"><div class=\"\"><p><\/p>\n<\/div><\/div><\/div><div id=\"CF60807b96cb61e_1-row-9\"  class=\"row \"><div  class=\"col-sm-12  single\"><div data-field-wrapper=\"fld_9384022\" class=\"form-group Formulario_CME\" id=\"fld_9384022_1-wrap\">\r\n<label id=\"fld_9384022Label\" for=\"fld_9384022_1\" class=\"control-label\">Ao integrar o grupo, voc\u00ea gostaria de <span aria-hidden=\"true\" role=\"presentation\" class=\"field_required\" style=\"color:#ee0000;\">*<\/span><\/label>\r\n<div class=\"\">\r\n\t\t\t\t\t<div class=\"radio\">\n\t\t\t\t<label data-label=\"Participar das reuni\u00f5es, atividades e decis\u00f5es do grupo\" for=\"fld_9384022_1_opt1609874\"><input type=\"radio\" id=\"fld_9384022_1_opt1609874\" data-field=\"fld_9384022\" class=\"fld_9384022_1 option-required\" name=\"fld_9384022\" value=\"Participar das reuni\u00f5es, atividades e decis\u00f5es do grupo\"   required=\"required\" data-radio-field=\"fld_9384022_1\" data-type=\"radio\" data-calc-value=\"Participar das reuni\u00f5es, atividades e decis\u00f5es do grupo\" \/>\n\t\t\tParticipar das reuni\u00f5es, atividades e decis\u00f5es do grupo\t\t<\/label>\n\t\t\t\t\t<\/div>\n\t\t\t\t\t\t\t\t\t<div class=\"radio\">\n\t\t\t\t<label data-label=\"Produzir conte\u00fados eventuais e\/ou participar dos eventos e de cursos pontuais organizados pelo grupo\" for=\"fld_9384022_1_opt1838625\"><input type=\"radio\" id=\"fld_9384022_1_opt1838625\" data-field=\"fld_9384022\" class=\"fld_9384022_1 option-required\" name=\"fld_9384022\" value=\"Produzir conte\u00fados eventuais e\/ou participar dos eventos e de cursos pontuais organizados pelo grupo\"   required=\"required\" data-radio-field=\"fld_9384022_1\" data-type=\"radio\" data-calc-value=\"Produzir conte\u00fados eventuais e\/ou participar dos eventos e de cursos pontuais organizados pelo grupo\" \/>\n\t\t\tProduzir conte\u00fados eventuais e\/ou participar dos eventos e de cursos pontuais organizados pelo grupo\t\t<\/label>\n\t\t\t\t\t<\/div>\n\t\t\t\t\t\t\t\t\t<div class=\"radio\">\n\t\t\t\t<label data-label=\"Apenas compor a rede e\/ou acompanhar\" for=\"fld_9384022_1_opt1762000\"><input type=\"radio\" id=\"fld_9384022_1_opt1762000\" data-field=\"fld_9384022\" class=\"fld_9384022_1 option-required\" name=\"fld_9384022\" value=\"Apenas compor a rede e\/ou acompanhar\"   required=\"required\" data-radio-field=\"fld_9384022_1\" data-type=\"radio\" data-calc-value=\"Apenas compor a rede e\/ou acompanhar\" \/>\n\t\t\tApenas compor a rede e\/ou acompanhar\t\t<\/label>\n\t\t\t\t\t<\/div>\n\t\t\t\t\t\t\t\t\t<div class=\"radio\">\n\t\t\t\t<label data-label=\"Outro\" for=\"fld_9384022_1_opt1795683\"><input type=\"radio\" id=\"fld_9384022_1_opt1795683\" data-field=\"fld_9384022\" class=\"fld_9384022_1 option-required\" name=\"fld_9384022\" value=\"Outro\"   required=\"required\" data-radio-field=\"fld_9384022_1\" data-type=\"radio\" data-calc-value=\"Outro\" \/>\n\t\t\tOutro\t\t<\/label>\n\t\t\t\t\t<\/div>\n\t\t\t\t<\/div>\r\n<\/div>\r\n<\/div><\/div><div id=\"CF60807b96cb61e_1-row-10\"  class=\"row \"><div  class=\"col-sm-12  single\"><div class=\"Formulario_CME\"><p><center><b>Caso voc\u00ea tenha interesse em participar das reuni\u00f5es e decis\u00f5es, informe seu n\u00famero de celular para inclu\u00ed-la no grupo do WhatsApp e, assim, informar sobre as reuni\u00f5es.<\/b><\/center><\/p>\n<\/div><\/div><\/div><div id=\"CF60807b96cb61e_1-row-11\"  class=\"row \"><div  class=\"col-sm-3  first_col\"><\/div><div  class=\"col-sm-6 \"><div data-field-wrapper=\"fld_457431\" class=\"form-group Formulario_CME\" id=\"fld_457431_1-wrap\">\r\n\t<label id=\"fld_457431Label\" for=\"fld_457431_1\" class=\"control-label screen-reader-text sr-only\">Telefone<\/label>\r\n\t<div class=\"\">\r\n\t\t<input placeholder=\"Telefone\" data-inputmask=\"'mask': '(99) 9 9999.9999 '\"   type=\"tel\" data-field=\"fld_457431\" class=\" form-control\" id=\"fld_457431_1\" name=\"fld_457431\" value=\"\" data-type=\"tel\"   aria-labelledby=\"fld_457431Label\" >\t\t\t<\/div>\r\n<\/div>\r\n<\/div><div  class=\"col-sm-3  last_col\"><\/div><\/div><div id=\"CF60807b96cb61e_1-row-12\"  class=\"row \"><div  class=\"col-sm-12  single\"><div class=\"\"><p><\/p>\n<\/div><\/div><\/div><div id=\"CF60807b96cb61e_1-row-13\"  class=\"row \"><div  class=\"col-sm-3  first_col\"><\/div><div  class=\"col-sm-3 \"><div data-field-wrapper=\"fld_8411739\" class=\"form-group\" id=\"fld_8411739_1-wrap\">\r\n<div class=\"\">\r\n\t<input  class=\"btn btn-default\" type=\"submit\" name=\"fld_8411739\" id=\"fld_8411739_1\" value=\"Enviar\" data-field=\"fld_8411739\"  >\n<\/div>\r\n<\/div>\r\n\t<input class=\"button_trigger_1\" type=\"hidden\" name=\"fld_8411739\" id=\"fld_8411739_1_btn\" value=\"\" data-field=\"fld_8411739\"  \/>\n<\/div><div  class=\"col-sm-3 \"><div data-field-wrapper=\"fld_3017919\" class=\"form-group\" id=\"fld_3017919_1-wrap\">\r\n<div class=\"\">\r\n\t<input  class=\"btn btn-default\" type=\"reset\" name=\"fld_3017919\" id=\"fld_3017919_1\" value=\"Limpar\" data-field=\"fld_3017919\"  >\n<\/div>\r\n<\/div>\r\n\t<input class=\"button_trigger_1\" type=\"hidden\" name=\"fld_3017919\" id=\"fld_3017919_1_btn\" value=\"\" data-field=\"fld_3017919\"  \/>\n<\/div><div  class=\"col-sm-3  last_col\"><\/div><\/div><div id=\"CF60807b96cb61e_1-row-14\"  class=\"row  last_row\"><div  class=\"col-sm-12  single\"><\/div><\/div><\/form>\r\n<\/div>\r\n","protected":false},"excerpt":{"rendered":"<p>Se voc\u00ea quer fazer parte do nosso grupo, preencha o formul\u00e1rio abaixo.<\/p>\n","protected":false},"author":1,"featured_media":0,"parent":112,"menu_order":3,"comment_status":"closed","ping_status":"closed","template":"","meta":{"neve_meta_sidebar":"full-width","neve_meta_container":"default","neve_meta_enable_content_width":"off","neve_meta_content_width":1,"neve_meta_title_alignment":"","neve_meta_author_avatar":"","neve_post_elements_order":"","neve_meta_disable_header":"","neve_meta_disable_footer":"","neve_meta_disable_title":"on","footnotes":""},"class_list":["post-464","page","type-page","status-publish","hentry"],"_links":{"self":[{"href":"https:\/\/conexaomulhereseconomia.com.br\/index.php?rest_route=\/wp\/v2\/pages\/464","targetHints":{"allow":["GET"]}}],"collection":[{"href":"https:\/\/conexaomulhereseconomia.com.br\/index.php?rest_route=\/wp\/v2\/pages"}],"about":[{"href":"https:\/\/conexaomulhereseconomia.com.br\/index.php?rest_route=\/wp\/v2\/types\/page"}],"author":[{"embeddable":true,"href":"https:\/\/conexaomulhereseconomia.com.br\/index.php?rest_route=\/wp\/v2\/users\/1"}],"replies":[{"embeddable":true,"href":"https:\/\/conexaomulhereseconomia.com.br\/index.php?rest_route=%2Fwp%2Fv2%2Fcomments&post=464"}],"version-history":[{"count":3,"href":"https:\/\/conexaomulhereseconomia.com.br\/index.php?rest_route=\/wp\/v2\/pages\/464\/revisions"}],"predecessor-version":[{"id":477,"href":"https:\/\/conexaomulhereseconomia.com.br\/index.php?rest_route=\/wp\/v2\/pages\/464\/revisions\/477"}],"up":[{"embeddable":true,"href":"https:\/\/conexaomulhereseconomia.com.br\/index.php?rest_route=\/wp\/v2\/pages\/112"}],"wp:attachment":[{"href":"https:\/\/conexaomulhereseconomia.com.br\/index.php?rest_route=%2Fwp%2Fv2%2Fmedia&parent=464"}],"curies":[{"name":"wp","href":"https:\/\/api.w.org\/{rel}","templated":true}]}}