{"id":54,"date":"2021-04-15T13:58:43","date_gmt":"2021-04-15T16:58:43","guid":{"rendered":"https:\/\/conexaomulhereseconomia.com.br\/?page_id=54"},"modified":"2021-04-25T11:31:32","modified_gmt":"2021-04-25T14:31:32","slug":"pagina-inicial","status":"publish","type":"page","link":"https:\/\/conexaomulhereseconomia.com.br\/?page_id=54","title":{"rendered":"Quem Somos"},"content":{"rendered":"\n<h1 class=\"has-text-align-center wp-block-heading\" id=\"QuemSomos\" style=\"font-size:50px\"><span style=\"color:#6c7aa7\" class=\"has-inline-color\">Conex\u00e3o Mulheres &amp; Economia<\/span><\/h1>\n\n\n\n<p><\/p>\n\n\n\n<p><\/p>\n\n\n\n<h6 class=\"has-text-align-center wp-block-heading\"><strong><em> \u00c9tica, justi\u00e7a, profissionalismo, inclus\u00e3o, transpar\u00eancia, uni\u00e3o e respeito ao meio<\/em> <em>ambiente e \u00e0 diversidade.<\/em><\/strong><\/h6>\n\n\n\n<hr class=\"wp-block-separator is-style-wide\"\/>\n\n\n\n<p><\/p>\n\n\n<p style=\"text-align: justify;\">Desde mar\u00e7o de 2020, um grupo de mulheres economistas vem se reunindo para debater e construir uma rede de pessoas interessadas em temas econ\u00f4micos e adjacentes. Dessas reuni\u00f5es, surgiu o grupo Conex\u00e3o Mulheres e Economia. O nosso prop\u00f3sito enquanto grupo \u00e9 divulgar o trabalho das integrantes e das pessoas colaboradoras, destacar suas contribui\u00e7\u00f5es para a sociedade, ampliar a rede de contatos, criar um canal de troca de conhecimento, debate e reflex\u00e3o e colocar em evid\u00eancia o importante papel das mulheres que atuam na \u00e1rea econ\u00f4mica e com temas relacionados. Nosso compromisso, para tanto, \u00e9 divulgar periodicamente conte\u00fados em diferentes formatos, com distintos m\u00e9todos e que propiciem m\u00faltiplas discuss\u00f5es. Sintam-se livres&nbsp;para conhecer nossos conte\u00fados, navegar nas nossas ideias e contribuir para a ci\u00eancia. Nos comprometemos em trazer debates complexos com uma linguagem simples e acolhedora, que permita impactar todas as classes da nossa &#8211; t\u00e3o diferente &#8211; sociedade.<\/p>\n\n\n<hr class=\"wp-block-separator is-style-wide\"\/>\n\n\n\n<p><span class=\"has-inline-color has-neve-link-color-color\"><strong>Miss\u00e3o<\/strong><\/span><\/p>\n\n\n\n<ul class=\"wp-block-list\"><li>Promover uni\u00e3o, valoriza\u00e7\u00e3o, visibilidade, reconhecimento e suporte \u00e0s mulheres na atua\u00e7\u00e3o na Economia.<\/li><\/ul>\n\n\n\n<p><span class=\"has-inline-color has-neve-link-color-color\"><strong>Vis\u00e3o<\/strong><\/span><\/p>\n\n\n\n<ul class=\"wp-block-list\"><li>Sermos reconhecidas como um grupo de refer\u00eancia de mulheres na Economia.<\/li><\/ul>\n\n\n\n<p><strong><span class=\"has-inline-color has-neve-link-color-color\">Valores<\/span><\/strong><\/p>\n\n\n\n<ul class=\"wp-block-list\"><li>\u00c9tica, justi\u00e7a, profissionalismo, transpar\u00eancia, uni\u00e3o e respeito ao meio-ambiente e \u00e0 diversidade.<\/li><\/ul>\n\n\n\n<p><strong><span class=\"has-inline-color has-neve-link-color-color\">Objetivos<\/span><\/strong><\/p>\n\n\n\n<ul class=\"wp-block-list\"><li>Congregar mulheres vinculadas a \u00e1rea da Economia.<\/li><li>Dar visibilidade \u00e0 produ\u00e7\u00e3o cient\u00edfica e atua\u00e7\u00e3o de mulheres na \u00e1rea da Economia.<\/li><li>Desenvolver coopera\u00e7\u00e3o entre mulheres ligadas \u00e0 Economia.<\/li><li>Estudar motivos pelos quais h\u00e1 menos egressas dos cursos da \u00e1rea de Economia.<\/li><li>Promover o trabalho realizado pelas mulheres na \u00e1rea da Economia.<\/li><li>Identificar a import\u00e2ncia da mulher no mercado de trabalho e academia na \u00e1rea da Economia.<\/li><li>Expor os temas que cada mulher pesquisa com o intuito de expandir as rela\u00e7\u00f5es pessoais e de pesquisas entre as mulheres que atuam na Economia.<\/li><\/ul>\n\n\n\n<p><strong><span class=\"has-inline-color has-neve-link-color-color\">A\u00e7\u00f5es<\/span><\/strong><\/p>\n\n\n\n<ul class=\"wp-block-list\" id=\"block-bb287698-890f-44b7-b348-5a353cb141d7\"><li>Promo\u00e7\u00e3o de atividades de inicia\u00e7\u00e3o cient\u00edfica.<\/li><li>Organiza\u00e7\u00e3o de cursos, semin\u00e1rios, workshops relacionados a atua\u00e7\u00e3o da mulher na Economia;.<\/li><li>Publica\u00e7\u00e3o de livro contendo produ\u00e7\u00e3o de mulheres.<\/li><li>Desenvolvimento de estudos relacionados \u00e0 atua\u00e7\u00e3o das mulheres na Economia.<\/li><li>Orienta\u00e7\u00e3o para o Mercado (Estudantes de economia, administra\u00e7\u00e3o, jornalismo e outras \u00e1reas).<\/li><li>Rede social para divulga\u00e7\u00e3o de trabalhos acad\u00eamicos e profissionais da \u00e1rea.<\/li><\/ul>\n\n\n\n<hr class=\"wp-block-separator is-style-wide\"\/>\n\n\n\n<h2 class=\"has-text-align-center wp-block-heading\" id=\"h.rdvg1w43k8u\"><span class=\"has-inline-color has-neve-link-color-color\">Fundadoras<\/span><\/h2>\n\n\n\n<p><\/p>\n\n\n\n<div class=\"wp-block-group\"><div class=\"wp-block-group__inner-container is-layout-flow wp-block-group-is-layout-flow\">\n<div class=\"wp-block-columns is-layout-flex wp-container-core-columns-is-layout-9d6595d7 wp-block-columns-is-layout-flex\">\n<div class=\"wp-block-column is-layout-flow wp-block-column-is-layout-flow\">\n<h4 class=\"has-text-align-center wp-block-heading\" id=\"h.sswb0vvp51g1\">Ana Paula Buhse<\/h4>\n\n\n\n<h4 class=\"has-text-align-center wp-block-heading\" id=\"h.oan5tgobxc1g\"><a href=\"https:\/\/sites.google.com\/view\/conexaomulhereseconomia\/p%C3%A1gina-inicial#h.oan5tgobxc1g\"><\/a>Andreia Pereira de Freitas<\/h4>\n\n\n\n<h4 class=\"has-text-align-center wp-block-heading\" id=\"h.d3tg4u79f1n9\"><a href=\"https:\/\/sites.google.com\/view\/conexaomulhereseconomia\/p%C3%A1gina-inicial#h.d3tg4u79f1n9\"><\/a>Bethanya Korzeniewicz<\/h4>\n\n\n\n<h4 class=\"has-text-align-center wp-block-heading\" id=\"h.p64sbzd1m2vi\"><a href=\"https:\/\/sites.google.com\/view\/conexaomulhereseconomia\/p%C3%A1gina-inicial#h.p64sbzd1m2vi\"><\/a>Camila Horst Toigo<\/h4>\n\n\n\n<h4 class=\"has-text-align-center wp-block-heading\" id=\"h.6ytvl22yzm8\"><a href=\"https:\/\/sites.google.com\/view\/conexaomulhereseconomia\/p%C3%A1gina-inicial#h.6ytvl22yzm8\"><\/a>Izete Pengo Bagolin<\/h4>\n\n\n\n<h4 class=\"has-text-align-center wp-block-heading\" id=\"h.o9p4x829mv70\"><a href=\"https:\/\/sites.google.com\/view\/conexaomulhereseconomia\/p%C3%A1gina-inicial#h.o9p4x829mv70\"><\/a>Janice Santos Viana<\/h4>\n\n\n\n<h4 class=\"has-text-align-center wp-block-heading\" id=\"h.g2pym5331mee\"><a href=\"https:\/\/sites.google.com\/view\/conexaomulhereseconomia\/p%C3%A1gina-inicial#h.g2pym5331mee\"><\/a>J\u00falia Sbroglio Rizzotto<\/h4>\n\n\n\n<h4 class=\"has-text-align-center wp-block-heading\" id=\"h.dx1pr4rew44n\"><a href=\"https:\/\/sites.google.com\/view\/conexaomulhereseconomia\/p%C3%A1gina-inicial#h.dx1pr4rew44n\"><\/a>Joici Cristiani de Souza<\/h4>\n<\/div>\n\n\n\n<div class=\"wp-block-column is-layout-flow wp-block-column-is-layout-flow\">\n<h4 class=\"has-text-align-center wp-block-heading\" id=\"h.8i80vo8wi0uv\">Lauana Rossetto Lazaretti<\/h4>\n\n\n\n<h4 class=\"has-text-align-center wp-block-heading\" id=\"h.vgstf06f70or\"><a href=\"https:\/\/sites.google.com\/view\/conexaomulhereseconomia\/p%C3%A1gina-inicial#h.vgstf06f70or\"><\/a>Luana dos Santos Fraga<\/h4>\n\n\n\n<h4 class=\"has-text-align-center wp-block-heading\" id=\"h.62h8x3b2q8f\"><a href=\"https:\/\/sites.google.com\/view\/conexaomulhereseconomia\/p%C3%A1gina-inicial#h.62h8x3b2q8f\"><\/a>Michelle Serpa da Silva<\/h4>\n\n\n\n<h4 class=\"has-text-align-center wp-block-heading\" id=\"h.7wetni3fi02p\"><a href=\"https:\/\/sites.google.com\/view\/conexaomulhereseconomia\/p%C3%A1gina-inicial#h.7wetni3fi02p\"><\/a>Nat\u00e1lia Branco Stein<\/h4>\n\n\n\n<h4 class=\"has-text-align-center wp-block-heading\" id=\"h.je94wrlkukf2\"><a href=\"https:\/\/sites.google.com\/view\/conexaomulhereseconomia\/p%C3%A1gina-inicial#h.je94wrlkukf2\"><\/a>Patricia Batistella<\/h4>\n\n\n\n<h4 class=\"has-text-align-center wp-block-heading\" id=\"h.m39lq77rm09x\"><a href=\"https:\/\/sites.google.com\/view\/conexaomulhereseconomia\/p%C3%A1gina-inicial#h.m39lq77rm09x\"><\/a>Priscila Lupion Swoboda<\/h4>\n\n\n\n<h4 class=\"has-text-align-center wp-block-heading\" id=\"h.ne1ub4aq5dl0\"><a href=\"https:\/\/sites.google.com\/view\/conexaomulhereseconomia\/p%C3%A1gina-inicial#h.ne1ub4aq5dl0\"><\/a>Renata Pereira Cardoso<\/h4>\n\n\n\n<h4 class=\"has-text-align-center wp-block-heading\" id=\"h.3xcw2hygxk96\"><a href=\"https:\/\/sites.google.com\/view\/conexaomulhereseconomia\/p%C3%A1gina-inicial#h.3xcw2hygxk96\"><\/a>Tatiane Pelegrini<\/h4>\n<\/div>\n<\/div>\n<\/div><\/div>\n\n\n\n<h2 class=\"has-text-align-center wp-block-heading\" id=\"h.rdvg1w43k8u\"><a href=\"https:\/\/sites.google.com\/view\/conexaomulhereseconomia\/p%C3%A1gina-inicial#h.sswb0vvp51g1\"><\/a><\/h2>\n\n\n\n<h2 class=\"has-text-align-center wp-block-heading\" id=\"h.rdvg1w43k8u\"><a href=\"https:\/\/sites.google.com\/view\/conexaomulhereseconomia\/p%C3%A1gina-inicial#h.sswb0vvp51g1\"><\/a><\/h2>\n\n\n\n<hr class=\"wp-block-separator is-style-wide\"\/>\n\n\n\n<br>\n\n\n\n<div class=\"wp-block-buttons alignfull is-content-justification-center is-layout-flex wp-block-buttons-is-layout-flex\">\n<div class=\"wp-block-button\"><a class=\"wp-block-button__link\" href=\"https:\/\/conexaomulhereseconomia.com.br\/?page_id=464\">Fa\u00e7a Parte<\/a><\/div>\n<\/div>\n\n\n\n<br>\n","protected":false},"excerpt":{"rendered":"<p>Conex\u00e3o Mulheres &amp; Economia \u00c9tica, justi\u00e7a, profissionalismo, inclus\u00e3o, transpar\u00eancia, uni\u00e3o e respeito ao meio ambiente e \u00e0 diversidade. Desde mar\u00e7o de 2020, um grupo de mulheres economistas vem se reunindo para debater e construir uma rede de pessoas interessadas em temas econ\u00f4micos e adjacentes. Dessas reuni\u00f5es, surgiu o grupo Conex\u00e3o Mulheres e Economia. O nosso&hellip;&nbsp;<a href=\"https:\/\/conexaomulhereseconomia.com.br\/?page_id=54\" class=\"\" rel=\"bookmark\">Continue a ler &raquo;<span class=\"screen-reader-text\">Quem Somos<\/span><\/a><\/p>\n","protected":false},"author":1,"featured_media":0,"parent":112,"menu_order":1,"comment_status":"closed","ping_status":"closed","template":"","meta":{"neve_meta_sidebar":"full-width","neve_meta_container":"default","neve_meta_enable_content_width":"on","neve_meta_content_width":100,"neve_meta_title_alignment":"","neve_meta_author_avatar":"","neve_post_elements_order":"","neve_meta_disable_header":"","neve_meta_disable_footer":"off","neve_meta_disable_title":"on","footnotes":""},"class_list":["post-54","page","type-page","status-publish","hentry"],"_links":{"self":[{"href":"https:\/\/conexaomulhereseconomia.com.br\/index.php?rest_route=\/wp\/v2\/pages\/54","targetHints":{"allow":["GET"]}}],"collection":[{"href":"https:\/\/conexaomulhereseconomia.com.br\/index.php?rest_route=\/wp\/v2\/pages"}],"about":[{"href":"https:\/\/conexaomulhereseconomia.com.br\/index.php?rest_route=\/wp\/v2\/types\/page"}],"author":[{"embeddable":true,"href":"https:\/\/conexaomulhereseconomia.com.br\/index.php?rest_route=\/wp\/v2\/users\/1"}],"replies":[{"embeddable":true,"href":"https:\/\/conexaomulhereseconomia.com.br\/index.php?rest_route=%2Fwp%2Fv2%2Fcomments&post=54"}],"version-history":[{"count":51,"href":"https:\/\/conexaomulhereseconomia.com.br\/index.php?rest_route=\/wp\/v2\/pages\/54\/revisions"}],"predecessor-version":[{"id":678,"href":"https:\/\/conexaomulhereseconomia.com.br\/index.php?rest_route=\/wp\/v2\/pages\/54\/revisions\/678"}],"up":[{"embeddable":true,"href":"https:\/\/conexaomulhereseconomia.com.br\/index.php?rest_route=\/wp\/v2\/pages\/112"}],"wp:attachment":[{"href":"https:\/\/conexaomulhereseconomia.com.br\/index.php?rest_route=%2Fwp%2Fv2%2Fmedia&parent=54"}],"curies":[{"name":"wp","href":"https:\/\/api.w.org\/{rel}","templated":true}]}}