{"id":547,"date":"2021-04-24T19:03:46","date_gmt":"2021-04-24T22:03:46","guid":{"rendered":"https:\/\/conexaomulhereseconomia.com.br\/?page_id=547"},"modified":"2023-08-14T22:45:08","modified_gmt":"2023-08-15T01:45:08","slug":"i-encontro-conexao-mulheres-e-economia","status":"publish","type":"page","link":"https:\/\/conexaomulhereseconomia.com.br\/?page_id=547","title":{"rendered":"Edital 1\u00ba Enconex\u00e3o | CM&#038;E"},"content":{"rendered":"\n<p class=\"has-text-align-center\" style=\"font-size:28px\"><strong>1\u00ba Enconex\u00e3o | Conex\u00e3o Mulheres e Economia<\/strong><\/p>\n\n\n\n<br>\n\n\n\n<p class=\"has-text-align-center\"><strong>Chamada para submiss\u00e3o de trabalhos<\/strong><\/p>\n\n\n\n<br>\n\n\n\n<p>O coletivo <strong>Conex\u00e3o Mulheres e Economia &#8211; CM&amp;E<\/strong>, convida pesquisadores, profissionais e alunos da \u00e1rea para participarem do <strong>1\u00ba Enconex\u00e3o | Conex\u00e3o Mulheres e Economia<\/strong> promovido e organizado pelo CM&amp;E. O evento acontecer\u00e1 no dia <strong>24 de julho de 2021<\/strong>.<\/p>\n\n\n\n<p><strong>OBJETIVOS<\/strong><\/p>\n\n\n\n<p>Promover e fomentar reflex\u00f5es e debates relacionados \u00e0 economia e sociedade, sob uma perspectiva de economistas, empreendedores(as) e gestores(as) de projetos sociais.<\/p>\n\n\n\n<p><strong>OBJETIVOS ESPEC\u00cdFICOS<\/strong><\/p>\n\n\n\n<ol class=\"wp-block-list\"><li>Propiciar um ambiente que favore\u00e7a a discuss\u00e3o de quest\u00f5es referentes \u00e0 economia;<\/li><li>Possibilitar a troca de conhecimento e o debate sobre os temas espec\u00edficos;<\/li><li>Viabilizar o debate de temas espec\u00edficos, ampliando a visibilidade e o seu alcance;<\/li><li>Garantir um espa\u00e7o para a divulga\u00e7\u00e3o de trabalhos em m\u00eddias digitais.<\/li><\/ol>\n\n\n\n<p><strong>P\u00daBLICO-ALVO<\/strong><\/p>\n\n\n\n<p>O evento destina-se aos pesquisadores, profissionais e alunos da \u00e1rea de Ci\u00eancias Econ\u00f4micas, de \u00e1reas afins, integrantes de ONGs, projetos sociais, e ao p\u00fablico em geral. Al\u00e9m destes, espera-se que mais pessoas sejam beneficiadas pelos conhecimentos compartilhados atrav\u00e9s da divulga\u00e7\u00e3o nos meios de comunica\u00e7\u00e3o.<\/p>\n\n\n\n<p><strong>COMISS\u00c3O ORGANIZADORA<\/strong><\/p>\n\n\n\n<p>Ang\u00e9lica Massuquetti (Profa. PPGE\/Unisinos)<br>Camila Vogt (Profa. UFPA)<br>Cristiane da Silva (Doutoranda em Economia\/PUCRS)<br>Janice Viana (Doutora em Economia\/PUCRS)<br>Luzih\u00ea Martins (Mestre em Economia\/PUCRS)<br>Priscila Swoboda (Graduanda em Economia\/PUCRS)<\/p>\n\n\n\n<p><strong>\u00c1REAS TEM\u00c1TICAS<\/strong><\/p>\n\n\n\n<ol class=\"wp-block-list\"><li>Economia Feminista;<\/li><li>Economia da Sa\u00fade;<\/li><li>Economia do Trabalho e da Educa\u00e7\u00e3o;<\/li><li>Macroeconomia e Finan\u00e7as;<\/li><li>Economia, Pol\u00edtica Social e Demografia Econ\u00f4mica;<\/li><li>Desenvolvimento Econ\u00f4mico e Sustentabilidade Ambiental.<\/li><\/ol>\n\n\n\n<p><strong>SUBMISS\u00c3O DOS TRABALHOS<\/strong><\/p>\n\n\n\n<p>As propostas devem ser submetidas em duas modalidades: resumo expandido e relato de experi\u00eancia.<\/p>\n\n\n\n<p>O <strong>resumo expandido<\/strong> deve conter, no m\u00e1ximo, 05 p\u00e1ginas, incluindo, ap\u00eandices e anexos, al\u00e9m de conter obrigatoriamente: resumo, palavras-chave, introdu\u00e7\u00e3o, desenvolvimento ou corpo do trabalho, descri\u00e7\u00e3o b\u00e1sica da metodologia, principais resultados e bibliografia;<\/p>\n\n\n\n<p>O <strong>relato de experi\u00eancia<\/strong> deve conter, no m\u00e1ximo, 05 p\u00e1ginas, incluindo, o relato de experi\u00eancia vivida. As experi\u00eancias podem descrever projetos sociais, atua\u00e7\u00e3o de lideran\u00e7as comunit\u00e1rias e de empreendedores privados, indicando-se o objetivo do projeto ou a\u00e7\u00e3o, o p\u00fablico-alvo do projeto, as t\u00e9cnicas e\/ou procedimentos utilizados no projeto, seus resultados e desafios. Sugerido para pessoas que desenvolvem trabalhos em ONGs, projetos sociais, pesquisas aplicadas, n\u00e3o necessariamente vinculados \u00e0 academia.<\/p>\n\n\n\n<p>A comiss\u00e3o cient\u00edfica avaliar\u00e1 os trabalhos conforme os seguintes crit\u00e9rios:<\/p>\n\n\n\n<ol class=\"wp-block-list\"><li>N\u00e3o h\u00e1 limites para o n\u00famero de co-autores, desde que um deles seja mulher;<\/li><li>Cada autor poder\u00e1 enviar no m\u00e1ximo 3 (tr\u00eas) trabalhos para avalia\u00e7\u00e3o e apenas poder\u00e1 ser o autor principal em 1 (um) deles;<\/li><li>Os trabalhos devem seguir as normas de formata\u00e7\u00e3o da ABNT, escritos com a fonte Times New Roman, tamanho 12 (doze), com espa\u00e7amento entre linhas de 1,5 (um e meio) cent\u00edmetros e justificado, margens esquerda, direita, superior e inferior, de 2 (dois) cent\u00edmetros, em arquivo Word (formato \u201c.doc\u201d e \u201c.docx\u201d). Conforme o modelo disponibilizado no site.<\/li><li>As figuras, tabelas, gr\u00e1ficos e f\u00f3rmulas matem\u00e1ticas dever\u00e3o ser apresentadas em fonte Times New Roman, tamanho 10, em formato edit\u00e1vel;<\/li><li>Os trabalhos selecionados poder\u00e3o ser apresentados em tr\u00eas formas, de acordo com recomenda\u00e7\u00e3o da comiss\u00e3o cient\u00edfica: a) apresenta\u00e7\u00e3o formal, s\u00edncrona e online; b) apresenta\u00e7\u00e3o na forma de comunica\u00e7\u00e3o que consiste em apresenta\u00e7\u00e3o pr\u00e9-gravada da pesquisa e c) apresenta\u00e7\u00e3o na forma de p\u00f4ster;<\/li><li>As instru\u00e7\u00f5es para apresenta\u00e7\u00e3o dos trabalhos selecionados seguir\u00e3o com a aprova\u00e7\u00e3o no site;<\/li><li>As apresenta\u00e7\u00f5es dos trabalhos selecionados ter\u00e3o dura\u00e7\u00e3o de at\u00e9 <strong>15 minutos por trabalho<\/strong>, incluindo a apresenta\u00e7\u00e3o pessoal (biografia) do autor(a).<\/li><li>A comunica\u00e7\u00e3o dos trabalhos selecionados ser\u00e1 realizada por meio da publica\u00e7\u00e3o do anais do encontro, at\u00e9 o dia <strong>05\/07\/2021<\/strong>, no site do evento;<\/li><li>Os autores dos artigos selecionados autorizam a publica\u00e7\u00e3o e a divulga\u00e7\u00e3o do(s) trabalho(s) nos anais do encontro, sem quaisquer \u00f4nus e de livre e espont\u00e2nea vontade cedem seus direitos patrimoniais sobre ele, em favor da Organiza\u00e7\u00e3o, sob as penas da legisla\u00e7\u00e3o vigente (Lei 9.610 de 19\/02\/1998), que protege os direitos autorais no Brasil.<\/li><li>Os casos omissos ser\u00e3o analisados pela Comiss\u00e3o Organizadora.<\/li><\/ol>\n\n\n\n<p><strong>CRIT\u00c9RIOS DE AVALIA\u00c7\u00c3O DOS TRABALHOS<\/strong><\/p>\n\n\n\n<p>A Comiss\u00e3o Cient\u00edfica avaliar\u00e1 os trabalhos observando os seguintes crit\u00e9rios: a) Vincula\u00e7\u00e3o do trabalho \u00e0 \u00e1rea tem\u00e1tica escolhida; b) Problematiza\u00e7\u00e3o e justificativa do trabalho apresentada de forma clara e bem definida; c) Reda\u00e7\u00e3o de modo a contemplar claramente o tema, problema, objetivos e justificativa; d) Adequa\u00e7\u00e3o \u00e0s regras deste edital; e) Atualidade e relev\u00e2ncia da discuss\u00e3o.<\/p>\n\n\n\n<p><strong>PER\u00cdODO DE SUBMISS\u00c3O<\/strong><\/p>\n\n\n\n<p>03 de maio a 14 de junho de 2021.<\/p>\n\n\n\n<p><strong>INSCRI\u00c7\u00c3O<\/strong><\/p>\n\n\n\n<p>Gratuita e a ser realizada atrav\u00e9s do site oficial do evento.<\/p>\n\n\n\n<p><strong>CERTIFICADOS<\/strong><\/p>\n\n\n\n<p>Ser\u00e1 fornecido certificado digital de apresenta\u00e7\u00e3o de trabalhos e de participa\u00e7\u00e3o como ouvinte, desde que esteja formalmente inscrito no evento.<\/p>\n\n\n\n<p class=\"has-text-align-left\"><strong>CRONOGRAMA<\/strong><\/p>\n\n\n\n<div class=\"wp-block-image\"><figure class=\"aligncenter size-large\"><img fetchpriority=\"high\" decoding=\"async\" width=\"840\" height=\"421\" src=\"https:\/\/conexaomulhereseconomia.com.br\/wp-content\/uploads\/2021\/05\/captura.png\" alt=\"\" class=\"wp-image-1294\" srcset=\"https:\/\/conexaomulhereseconomia.com.br\/wp-content\/uploads\/2021\/05\/captura.png 840w, https:\/\/conexaomulhereseconomia.com.br\/wp-content\/uploads\/2021\/05\/captura-300x150.png 300w, https:\/\/conexaomulhereseconomia.com.br\/wp-content\/uploads\/2021\/05\/captura-768x385.png 768w\" sizes=\"(max-width: 840px) 100vw, 840px\" \/><\/figure><\/div>\n\n\n\n<p><strong>CONTATOS<\/strong><\/p>\n\n\n\n<p>Caso tenha alguma d\u00favida com rela\u00e7\u00e3o \u00e0 inscri\u00e7\u00e3o, entre em contato pelo e-mail: <a href=\"mailto:conexaomulhereseconomia@gmail.com\">contato@conexaomulhereseconomia.com.br<\/a><\/p>\n\n\n\n<p><strong>CM&amp;E NAS REDES SOCIAIS<\/strong><\/p>\n\n\n\n<p><a href=\"https:\/\/www.instagram.com\/conexaomulhereseconomia\">https:\/\/www.instagram.com\/conexaomulhereseconomia<br><\/a><a href=\"https:\/\/www.facebook.com\/conexaomulhereseconomia\">https:\/\/www.facebook.com\/conexaomulhereseconomia<\/a><\/p>\n\n\n\n<br>\n\n\n\n<div class=\"wp-block-buttons is-content-justification-center\"><\/div>\n\n\n\n<hr class=\"wp-block-separator is-style-wide\"\/>\n\n\n\n<p><strong>ANEXOS<\/strong><\/p>\n\n\n\n<div class=\"wp-block-file\"><a href=\"https:\/\/conexaomulhereseconomia.com.br\/wp-content\/uploads\/2021\/05\/EDITAL-DO-EVENTO-CME.pdf\" target=\"_blank\" rel=\"noopener\">Edital do Evento CM&amp;E<\/a><a href=\"https:\/\/conexaomulhereseconomia.com.br\/wp-content\/uploads\/2021\/05\/EDITAL-DO-EVENTO-CME.pdf\" class=\"wp-block-file__button\" download=\"\" target=\"_blank\" rel=\"noopener\">Baixar<\/a><\/div>\n\n\n\n<div class=\"wp-block-file\"><a href=\"https:\/\/conexaomulhereseconomia.com.br\/wp-content\/uploads\/2021\/05\/Modelo-do-Resumo-Expandido.docx\" target=\"_blank\" rel=\"noopener\">Modelo do Resumo Expandido<\/a><a href=\"https:\/\/conexaomulhereseconomia.com.br\/wp-content\/uploads\/2021\/05\/Modelo-do-Resumo-Expandido.docx\" class=\"wp-block-file__button\" download=\"\" target=\"_blank\" rel=\"noopener\">Baixar<\/a><\/div>\n\n\n\n<div class=\"wp-block-file\"><a href=\"https:\/\/conexaomulhereseconomia.com.br\/wp-content\/uploads\/2021\/05\/Modelo-do-Relato-de-Experiencia.docx\" target=\"_blank\" rel=\"noopener\">Modelo do Relato de Experi\u00eancia<\/a><a href=\"https:\/\/conexaomulhereseconomia.com.br\/wp-content\/uploads\/2021\/05\/Modelo-do-Relato-de-Experiencia.docx\" class=\"wp-block-file__button\" download=\"\" target=\"_blank\" rel=\"noopener\">Baixar<\/a><\/div>\n\n\n\n<hr class=\"wp-block-separator is-style-wide\"\/>\n","protected":false},"excerpt":{"rendered":"<p>1\u00ba Enconex\u00e3o | Conex\u00e3o Mulheres e Economia Chamada para submiss\u00e3o de trabalhos O coletivo Conex\u00e3o Mulheres e Economia &#8211; CM&amp;E, convida pesquisadores, profissionais e alunos da \u00e1rea para participarem do 1\u00ba Enconex\u00e3o | Conex\u00e3o Mulheres e Economia promovido e organizado pelo CM&amp;E. O evento acontecer\u00e1 no dia 24 de julho de 2021. OBJETIVOS Promover e&hellip;&nbsp;<a href=\"https:\/\/conexaomulhereseconomia.com.br\/?page_id=547\" class=\"\" rel=\"bookmark\">Continue a ler &raquo;<span class=\"screen-reader-text\">Edital 1\u00ba Enconex\u00e3o | CM&#038;E<\/span><\/a><\/p>\n","protected":false},"author":1,"featured_media":0,"parent":628,"menu_order":1,"comment_status":"closed","ping_status":"closed","template":"","meta":{"neve_meta_sidebar":"full-width","neve_meta_container":"contained","neve_meta_enable_content_width":"on","neve_meta_content_width":70,"neve_meta_title_alignment":"","neve_meta_author_avatar":"","neve_post_elements_order":"","neve_meta_disable_header":"","neve_meta_disable_footer":"","neve_meta_disable_title":"on","footnotes":""},"class_list":["post-547","page","type-page","status-publish","hentry"],"_links":{"self":[{"href":"https:\/\/conexaomulhereseconomia.com.br\/index.php?rest_route=\/wp\/v2\/pages\/547","targetHints":{"allow":["GET"]}}],"collection":[{"href":"https:\/\/conexaomulhereseconomia.com.br\/index.php?rest_route=\/wp\/v2\/pages"}],"about":[{"href":"https:\/\/conexaomulhereseconomia.com.br\/index.php?rest_route=\/wp\/v2\/types\/page"}],"author":[{"embeddable":true,"href":"https:\/\/conexaomulhereseconomia.com.br\/index.php?rest_route=\/wp\/v2\/users\/1"}],"replies":[{"embeddable":true,"href":"https:\/\/conexaomulhereseconomia.com.br\/index.php?rest_route=%2Fwp%2Fv2%2Fcomments&post=547"}],"version-history":[{"count":89,"href":"https:\/\/conexaomulhereseconomia.com.br\/index.php?rest_route=\/wp\/v2\/pages\/547\/revisions"}],"predecessor-version":[{"id":2119,"href":"https:\/\/conexaomulhereseconomia.com.br\/index.php?rest_route=\/wp\/v2\/pages\/547\/revisions\/2119"}],"up":[{"embeddable":true,"href":"https:\/\/conexaomulhereseconomia.com.br\/index.php?rest_route=\/wp\/v2\/pages\/628"}],"wp:attachment":[{"href":"https:\/\/conexaomulhereseconomia.com.br\/index.php?rest_route=%2Fwp%2Fv2%2Fmedia&parent=547"}],"curies":[{"name":"wp","href":"https:\/\/api.w.org\/{rel}","templated":true}]}}