{"id":632,"date":"2021-07-05T18:00:00","date_gmt":"2021-07-05T21:00:00","guid":{"rendered":"https:\/\/conexaomulhereseconomia.com.br\/?page_id=632"},"modified":"2022-09-14T20:16:16","modified_gmt":"2022-09-14T23:16:16","slug":"artigos-selecionados","status":"publish","type":"page","link":"https:\/\/conexaomulhereseconomia.com.br\/?page_id=632","title":{"rendered":"Artigos Selecionados &#8211; 1\u00ba Enconex\u00e3o"},"content":{"rendered":"\n<h4 id=\"Topo\" style=\"color:white;\">.<\/h4>\n\n\n\n<p class=\"has-text-align-center\" style=\"font-size:28px\"><strong>1\u00ba Enconex\u00e3o | CM&amp;E<\/strong><\/p>\n\n\n\n<br>\n\n\n\n<p class=\"has-text-align-center\"><a href=\"#Session1\">Economia Feminista<\/a><br><a href=\"#Session2\">Economia da Sa\u00fade<\/a><br><a href=\"#Session3\">Economia do Trabalho e da Educa\u00e7\u00e3o<\/a><br><a href=\"#Session4\">Macroeconomia e Finan\u00e7as<\/a><br><a href=\"#Session5\">Economia, Pol\u00edtica Social e Demografia Econ\u00f4mica<\/a><br><a href=\"#Session6\">Desenvolvimento Econ\u00f4mico e Sustentabilidade Ambiental<\/a><\/p>\n\n\n\n<br><br><br><br><br><br><br>\n\n\n\n<hr class=\"wp-block-separator has-css-opacity is-style-wide\"\/>\n\n\n\n<h4 id=\"Session1\">Economia Feminista<\/h4>\n\n\n\n<div class=\"wp-block-file\">\n<a href=\"https:\/\/conexaomulhereseconomia.com.br\/wp-content\/uploads\/2021\/07\/Em-teu-seio-o-liberdade.pdf\" target=\"_blank\" rel=\"noopener\">Em teu seio, \u00f3 liberdade? A abordagem da prostitui\u00e7\u00e3o e marginaliza\u00e7\u00e3o feminina nas obras de interpreta\u00e7\u00f5es do Brasil de Gilberto Freyre e Caio Prado J\u00fanior<\/a>\n<a href=\"https:\/\/conexaomulhereseconomia.com.br\/wp-content\/uploads\/2021\/07\/Em-teu-seio-o-liberdade.pdf\" class=\"wp-block-file__button\" download=\"\">Baixar<\/a>\n<\/div>\n\n\n\n<div class=\"wp-block-file\"><a href=\"https:\/\/conexaomulhereseconomia.com.br\/wp-content\/uploads\/2021\/07\/Existe-complementariedade-entre-as-visoes-de-bem-estar.pdf\" target=\"_blank\" rel=\"noopener\">Existe complementaridade entre as vis\u00f5es de bem-estar da\nabordagem das capacita\u00e7\u00f5es e da economia feminista?<\/a><a href=\"https:\/\/conexaomulhereseconomia.com.br\/wp-content\/uploads\/2021\/07\/Existe-complementariedade-entre-as-visoes-de-bem-estar.pdf\" class=\"wp-block-file__button\" download=\"\">Baixar<\/a><\/div>\n\n\n\n<div class=\"wp-block-file\"><a href=\"https:\/\/conexaomulhereseconomia.com.br\/wp-content\/uploads\/2021\/07\/Lideranca-e-estereotipos-de-genero-desafios-da-equidade-de-genero-na-area-tributaria.pdf\" target=\"_blank\" rel=\"noopener\">Lideran\u00e7a e estere\u00f3tipos de g\u00eanero desafios da equidade de g\u00eanero na \u00e1rea tribut\u00e1ria<\/a><a href=\"https:\/\/conexaomulhereseconomia.com.br\/wp-content\/uploads\/2021\/07\/Lideranca-e-estereotipos-de-genero-desafios-da-equidade-de-genero-na-area-tributaria.pdf\" class=\"wp-block-file__button\" download=\"\">Baixar<\/a><\/div>\n\n\n\n<div class=\"wp-block-file\"><a href=\"https:\/\/conexaomulhereseconomia.com.br\/wp-content\/uploads\/2021\/07\/Um-olhar-da-economia-feminista-para-as-desigualdades-de-genero-na-estrutura-economica.pdf\" target=\"_blank\" rel=\"noopener\">Um olhar da economia feminista para as desigualdades de g\u00eanero na estrutura econ\u00f4mica<\/a><a href=\"https:\/\/conexaomulhereseconomia.com.br\/wp-content\/uploads\/2021\/07\/Um-olhar-da-economia-feminista-para-as-desigualdades-de-genero-na-estrutura-economica.pdf\" class=\"wp-block-file__button\" download=\"\">Baixar<\/a><\/div>\n\n\n\n<div class=\"wp-block-file\"><a href=\"https:\/\/conexaomulhereseconomia.com.br\/wp-content\/uploads\/2021\/07\/A-mulher-empresaria-e-os-nucleos-femininos-espacos-de-desenvolvimento-pessoal-e-crescimento-economico.pdf\" target=\"_blank\" rel=\"noopener\">A mulher empres\u00e1ria e os n\u00facleos femininos espa\u00e7os de desenvolvimento pessoal e crescimento econ\u00f4mico<\/a><a href=\"https:\/\/conexaomulhereseconomia.com.br\/wp-content\/uploads\/2021\/07\/A-mulher-empresaria-e-os-nucleos-femininos-espacos-de-desenvolvimento-pessoal-e-crescimento-economico.pdf\" class=\"wp-block-file__button\" download=\"\">Baixar<\/a>\n<\/div>\n\n\n\n<div class=\"wp-block-buttons is-layout-flex wp-block-buttons-is-layout-flex\">\n<div class=\"wp-block-button\"><a class=\"wp-block-button__link\" href=\"#Topo\">Topo<\/a><\/div>\n<\/div>\n\n\n\n<br><br>\n\n\n\n<h4 id=\"Session2\">Economia da Sa\u00fade<\/h4>\n\n\n\n<div class=\"wp-block-file\"><a href=\"https:\/\/conexaomulhereseconomia.com.br\/wp-content\/uploads\/2021\/07\/Analise-de-custo-da-Doenca-de-Machado-Joseph.pdf\" target=\"_blank\" rel=\"noopener\">An\u00e1lise de custo da Doen\u00e7a de Machado-Joseph<\/a><a href=\"https:\/\/conexaomulhereseconomia.com.br\/wp-content\/uploads\/2021\/07\/Analise-de-custo-da-Doenca-de-Machado-Joseph.pdf\" class=\"wp-block-file__button\" download=\"\">Baixar<\/a><\/div>\n\n\n\n<div class=\"wp-block-buttons is-layout-flex wp-block-buttons-is-layout-flex\">\n<div class=\"wp-block-button\"><a class=\"wp-block-button__link\" href=\"#Topo\">Topo<\/a><\/div>\n<\/div>\n\n\n\n<br><br>\n\n\n\n<h4 id=\"Session3\">Economia do Trabalho e da Educa\u00e7\u00e3o<\/h4>\n\n\n\n<div class=\"wp-block-file\"><a href=\"https:\/\/conexaomulhereseconomia.com.br\/wp-content\/uploads\/2021\/07\/Mulheres-na-engenharia-uma-conquista-importante.pdf\" target=\"_blank\" rel=\"noopener\">Mulheres na engenharia: uma conquista importante num mercado de trabalho com tradi\u00e7\u00e3o masculina<\/a><a href=\"https:\/\/conexaomulhereseconomia.com.br\/wp-content\/uploads\/2021\/07\/Mulheres-na-engenharia-uma-conquista-importante.pdf\" class=\"wp-block-file__button\" download=\"\">Baixar<\/a>\n<\/div>\n\n\n\n<div class=\"wp-block-file\"><a href=\"https:\/\/conexaomulhereseconomia.com.br\/wp-content\/uploads\/2021\/07\/O-duplo-desafio-as-mulheres-negras-frente-ao-Covid19.pdf\" target=\"_blank\" rel=\"noopener\">O duplo desafio \u00e0s mulheres negras frente ao Covid19<\/a><a href=\"https:\/\/conexaomulhereseconomia.com.br\/wp-content\/uploads\/2021\/07\/O-duplo-desafio-as-mulheres-negras-frente-ao-Covid19.pdf\" class=\"wp-block-file__button\" download=\"\">Baixar<\/a><\/div>\n\n\n\n<div class=\"wp-block-file\"><a href=\"https:\/\/conexaomulhereseconomia.com.br\/wp-content\/uploads\/2021\/07\/Mulheres-na-pos-graduacao-em-engenharia-de-producao-da-UFRGS.pdf\" target=\"_blank\" rel=\"noopener\">Mulheres na p\u00f3s-gradua\u00e7\u00e3o em engenharia de produ\u00e7\u00e3o da\nufrgs: narrativas e trajet\u00f3rias<\/a><a href=\"https:\/\/conexaomulhereseconomia.com.br\/wp-content\/uploads\/2021\/07\/Mulheres-na-pos-graduacao-em-engenharia-de-producao-da-UFRGS.pdf\" class=\"wp-block-file__button\" download=\"\">Baixar<\/a>\n<\/div>\n\n\n\n<div class=\"wp-block-file\"><a href=\"https:\/\/conexaomulhereseconomia.com.br\/wp-content\/uploads\/2021\/07\/Distante-porem-nao-tao-longe-desafios-do-EAD-no-Ensino-Superior-no-Brasil.pdf\" target=\"_blank\" rel=\"noopener\">Distante, por\u00e9m n\u00e3o t\u00e3o longe: desafios do EAD no ensino superior no Brasil<\/a><a href=\"https:\/\/conexaomulhereseconomia.com.br\/wp-content\/uploads\/2021\/07\/Distante-porem-nao-tao-longe-desafios-do-EAD-no-Ensino-Superior-no-Brasil.pdf\" class=\"wp-block-file__button\" download=\"\">Baixar<\/a>\n<\/div>\n\n\n\n<div class=\"wp-block-buttons is-layout-flex wp-block-buttons-is-layout-flex\">\n<div class=\"wp-block-button\"><a class=\"wp-block-button__link\" href=\"#Topo\">Topo<\/a><\/div>\n<\/div>\n\n\n\n<br><br>\n\n\n\n<h4 id=\"Session4\">Macroeconomia e Finan\u00e7as<\/h4>\n\n\n\n<div class=\"wp-block-file\"><a href=\"https:\/\/conexaomulhereseconomia.com.br\/wp-content\/uploads\/2021\/07\/O-agronegocio-do-Rio-Grande-do-Sul.pdf\" target=\"_blank\" rel=\"noopener\">O agroneg\u00f3cio do Rio Grande do Sul: exporta\u00e7\u00f5es e emprego em tempos de pandemia<\/a><a href=\"https:\/\/conexaomulhereseconomia.com.br\/wp-content\/uploads\/2021\/07\/O-agronegocio-do-Rio-Grande-do-Sul.pdf\" class=\"wp-block-file__button\" download=\"\">Baixar<\/a>\n<\/div>\n\n\n\n<div class=\"wp-block-file\"><a href=\"https:\/\/conexaomulhereseconomia.com.br\/wp-content\/uploads\/2021\/07\/Brexit-no-contexto-da-desglobalizacao.pdf\" target=\"_blank\" rel=\"noopener\">Brexit no contexto da (des)globaliza\u00e7\u00e3o<\/a><a href=\"https:\/\/conexaomulhereseconomia.com.br\/wp-content\/uploads\/2021\/07\/Brexit-no-contexto-da-desglobalizacao.pdf\" class=\"wp-block-file__button\" download=\"\">Baixar<\/a><\/div>\n\n\n\n<div class=\"wp-block-file\"><a href=\"https:\/\/conexaomulhereseconomia.com.br\/wp-content\/uploads\/2021\/07\/Analise-Empirica-do-Paradoxo-da-Parcimonia-dos-Modelos-de-Crescimento-.pdf\" target=\"_blank\" rel=\"noopener\">An\u00e1lise emp\u00edrica do paradoxo da parcim\u00f4nia dos modelos de crescimento\np\u00f3s-keynesiano em rela\u00e7\u00e3o os altos \u00edndices de poupan\u00e7a na Alemanha<\/a><a href=\"https:\/\/conexaomulhereseconomia.com.br\/wp-content\/uploads\/2021\/07\/Analise-Empirica-do-Paradoxo-da-Parcimonia-dos-Modelos-de-Crescimento-.pdf\" class=\"wp-block-file__button\" download=\"\">Baixar<\/a>\n<\/div>\n\n\n\n<div class=\"wp-block-file\"><a href=\"https:\/\/conexaomulhereseconomia.com.br\/wp-content\/uploads\/2021\/07\/Os-impactos-da-pandemia-na-economia-paraense-as-acoes-governamentais-e-seus-efeitos-.pdf\" target=\"_blank\" rel=\"noopener\">Os impactos da pandemia na economia paraense: as a\u00e7\u00f5es governamentais e seus efeitos a partir da aplica\u00e7\u00e3o de um modelo VAR<\/a><a href=\"https:\/\/conexaomulhereseconomia.com.br\/wp-content\/uploads\/2021\/07\/Os-impactos-da-pandemia-na-economia-paraense-as-acoes-governamentais-e-seus-efeitos-.pdf\" class=\"wp-block-file__button\" download=\"\">Baixar<\/a>\n<\/div>\n\n\n\n<div class=\"wp-block-file\"><a href=\"https:\/\/conexaomulhereseconomia.com.br\/wp-content\/uploads\/2021\/07\/Investilizando-reducao-das-assimetrias-de-informacao-no-mercado-financeiro-para-mulheres.pdf\" target=\"_blank\" rel=\"noopener\">Investilizando redu\u00e7\u00e3o das assimetrias de informa\u00e7\u00e3o no mercado financeiro para mulheres<\/a><a href=\"https:\/\/conexaomulhereseconomia.com.br\/wp-content\/uploads\/2021\/07\/Investilizando-reducao-das-assimetrias-de-informacao-no-mercado-financeiro-para-mulheres.pdf\" class=\"wp-block-file__button\" download=\"\">Baixar<\/a><\/div>\n\n\n\n<div class=\"wp-block-file\"><a href=\"https:\/\/conexaomulhereseconomia.com.br\/wp-content\/uploads\/2021\/07\/O-impacto-da-preferencia-pela-liquidez-na-disponibilidade-de-credito-dos-municipios-do-Para.pdf\" target=\"_blank\" rel=\"noopener\">O impacto da prefer\u00eancia pela liquidez na disponibilidade de cr\u00e9dito dos munic\u00edpios do Par\u00e1<\/a><a href=\"https:\/\/conexaomulhereseconomia.com.br\/wp-content\/uploads\/2021\/07\/O-impacto-da-preferencia-pela-liquidez-na-disponibilidade-de-credito-dos-municipios-do-Para.pdf\" class=\"wp-block-file__button\" download=\"\">Baixar<\/a><\/div>\n\n\n\n<div class=\"wp-block-file\"><a href=\"https:\/\/conexaomulhereseconomia.com.br\/wp-content\/uploads\/2021\/07\/O-acordo-comercial-Mercosul-UE-no-contexto-dos-30-anos-do-bloco-economico-Sul-Americano.pdf\" target=\"_blank\" rel=\"noopener\">O acordo comercial Mercosul-UE no contexto dos 30 anos do bloco econ\u00f4mico Sul-Americano<\/a><a href=\"https:\/\/conexaomulhereseconomia.com.br\/wp-content\/uploads\/2021\/07\/O-acordo-comercial-Mercosul-UE-no-contexto-dos-30-anos-do-bloco-economico-Sul-Americano.pdf\" class=\"wp-block-file__button\" download=\"\">Baixar<\/a><\/div>\n\n\n\n<div class=\"wp-block-buttons is-layout-flex wp-block-buttons-is-layout-flex\">\n<div class=\"wp-block-button\"><a class=\"wp-block-button__link\" href=\"#Topo\">Topo<\/a><\/div>\n<\/div>\n\n\n\n<br><br>\n\n\n\n<h4 id=\"Session5\">Economia, Pol\u00edtica Social e Demografia Econ\u00f4mica<\/h4>\n\n\n\n<div class=\"wp-block-file\"><a href=\"https:\/\/conexaomulhereseconomia.com.br\/wp-content\/uploads\/2021\/07\/Economia-institucional-e-trajetoria-economica.pdf\" target=\"_blank\" rel=\"noopener\">Economia institucional e trajet\u00f3ria econ\u00f4mica<\/a><a href=\"https:\/\/conexaomulhereseconomia.com.br\/wp-content\/uploads\/2021\/07\/Economia-institucional-e-trajetoria-economica.pdf\" class=\"wp-block-file__button\" download=\"\">Baixar<\/a>\n<\/div>\n\n\n\n<div class=\"wp-block-file\"><a href=\"https:\/\/conexaomulhereseconomia.com.br\/wp-content\/uploads\/2021\/07\/Economia-do-crime-uma-analise-do-crescimento-do-trafico-de-drogas-no-Rio-Grande-do-Sul.pdf\" target=\"_blank\" rel=\"noopener\">Economia do crime: uma an\u00e1lise do crescimento do tr\u00e1fico de drogas no Rio Grande do Sul de 2002 a 2019<\/a><a href=\"https:\/\/conexaomulhereseconomia.com.br\/wp-content\/uploads\/2021\/07\/Economia-do-crime-uma-analise-do-crescimento-do-trafico-de-drogas-no-Rio-Grande-do-Sul.pdf\" class=\"wp-block-file__button\" download=\"\">Baixar<\/a>\n<\/div>\n\n\n\n<div class=\"wp-block-file\"><a href=\"https:\/\/conexaomulhereseconomia.com.br\/wp-content\/uploads\/2021\/07\/O-olhar-para-as-comunidades-vulneraveis-para-um-desenvolvimento-sustentavel-inclusivo-e-humano.pdf\" target=\"_blank\" rel=\"noopener\">O olhar para as comunidades vulner\u00e1veis para um desenvolvimento sustent\u00e1vel, inclusivo e humano<\/a><a href=\"https:\/\/conexaomulhereseconomia.com.br\/wp-content\/uploads\/2021\/07\/O-olhar-para-as-comunidades-vulneraveis-para-um-desenvolvimento-sustentavel-inclusivo-e-humano.pdf\" class=\"wp-block-file__button\" download=\"\">Baixar<\/a><\/div>\n\n\n\n<div class=\"wp-block-file\"><a href=\"https:\/\/conexaomulhereseconomia.com.br\/wp-content\/uploads\/2021\/07\/O-Auxilio-Emergencial-no-enfrentamento-da-pandemia-e-a-persistente-negligencia-com-o-Desenvolvimento-Humano.pdf\" target=\"_blank\" rel=\"noopener\">O aux\u00edlio emergencial no enfrentamento da pandemia e a persistente neglig\u00eancia com o desenvolvimento humano<\/a><a href=\"https:\/\/conexaomulhereseconomia.com.br\/wp-content\/uploads\/2021\/07\/O-Auxilio-Emergencial-no-enfrentamento-da-pandemia-e-a-persistente-negligencia-com-o-Desenvolvimento-Humano.pdf\" class=\"wp-block-file__button\" download=\"\">Baixar<\/a><\/div>\n\n\n\n<div class=\"wp-block-buttons is-layout-flex wp-block-buttons-is-layout-flex\">\n<div class=\"wp-block-button\"><a class=\"wp-block-button__link\" href=\"#Topo\">Topo<\/a><\/div>\n<\/div>\n\n\n\n<br><br>\n\n\n\n<h4 id=\"Session6\">Desenvolvimento Econ\u00f4mico e Sustentabilidade Ambiental<\/h4>\n\n\n\n<div class=\"wp-block-file\"><a href=\"https:\/\/conexaomulhereseconomia.com.br\/wp-content\/uploads\/2021\/07\/A-Diversidade-de-Genero-nos-Cargos-de-Lideranca-das-Empresas-de-Energia-no-Brasil.pdf\" target=\"_blank\" rel=\"noopener\">A diversidade de g\u00eanero nos cargos de lideran\u00e7a das empresas de energia no Brasil<\/a><a href=\"https:\/\/conexaomulhereseconomia.com.br\/wp-content\/uploads\/2021\/07\/A-Diversidade-de-Genero-nos-Cargos-de-Lideranca-das-Empresas-de-Energia-no-Brasil.pdf\" class=\"wp-block-file__button\" download=\"\">Baixar<\/a>\n<\/div>\n\n\n\n<div class=\"wp-block-file\"><a href=\"https:\/\/conexaomulhereseconomia.com.br\/wp-content\/uploads\/2021\/07\/Consideracoes-sobre-o-modo-de-producao-capitalista-e-a-sustentabilidade-do-meio-ambiente.pdf\" target=\"_blank\" rel=\"noopener\">Considera\u00e7\u00f5es sobre o modo de produ\u00e7\u00e3o capitalista e a sustentabilidade do meio ambiente<\/a><a href=\"https:\/\/conexaomulhereseconomia.com.br\/wp-content\/uploads\/2021\/07\/Consideracoes-sobre-o-modo-de-producao-capitalista-e-a-sustentabilidade-do-meio-ambiente.pdf\" class=\"wp-block-file__button\" download=\"\">Baixar<\/a>\n<\/div>\n\n\n\n<div class=\"wp-block-file\"><a href=\"https:\/\/conexaomulhereseconomia.com.br\/wp-content\/uploads\/2021\/07\/Diversidade-cultural-e-desenvolvimento-nos-objetivos-de-desenvolvimento-sustentavel-da-ONU.pdf\" target=\"_blank\" rel=\"noopener\">Diversidade cultural e desenvolvimento nos objetivos de desenvolvimento sustent\u00e1vel da ONU<\/a><a href=\"https:\/\/conexaomulhereseconomia.com.br\/wp-content\/uploads\/2021\/07\/Diversidade-cultural-e-desenvolvimento-nos-objetivos-de-desenvolvimento-sustentavel-da-ONU.pdf\" class=\"wp-block-file__button\" download=\"\">Baixar<\/a>\n<\/div>\n\n\n\n<div class=\"wp-block-buttons is-layout-flex wp-block-buttons-is-layout-flex\">\n<div class=\"wp-block-button\"><a class=\"wp-block-button__link\" href=\"#Topo\">Topo<\/a><\/div>\n<\/div>\n\n\n\n<br>\n\n\n\n<hr class=\"wp-block-separator has-css-opacity is-style-wide\"\/>\n\n\n\n<br><br><br><br>\n","protected":false},"excerpt":{"rendered":"<p>. 1\u00ba Enconex\u00e3o | CM&amp;E Economia FeministaEconomia da Sa\u00fadeEconomia do Trabalho e da Educa\u00e7\u00e3oMacroeconomia e Finan\u00e7asEconomia, Pol\u00edtica Social e Demografia Econ\u00f4micaDesenvolvimento Econ\u00f4mico e Sustentabilidade Ambiental Economia Feminista Em teu seio, \u00f3 liberdade? A abordagem da prostitui\u00e7\u00e3o e marginaliza\u00e7\u00e3o feminina nas obras de interpreta\u00e7\u00f5es do Brasil de Gilberto Freyre e Caio Prado J\u00fanior Baixar Existe complementaridade&hellip;&nbsp;<a href=\"https:\/\/conexaomulhereseconomia.com.br\/?page_id=632\" class=\"\" rel=\"bookmark\">Continue a ler &raquo;<span class=\"screen-reader-text\">Artigos Selecionados &#8211; 1\u00ba Enconex\u00e3o<\/span><\/a><\/p>\n","protected":false},"author":1,"featured_media":0,"parent":628,"menu_order":2,"comment_status":"closed","ping_status":"closed","template":"","meta":{"neve_meta_sidebar":"full-width","neve_meta_container":"","neve_meta_enable_content_width":"on","neve_meta_content_width":100,"neve_meta_title_alignment":"","neve_meta_author_avatar":"","neve_post_elements_order":"","neve_meta_disable_header":"","neve_meta_disable_footer":"","neve_meta_disable_title":"on","footnotes":""},"class_list":["post-632","page","type-page","status-publish","hentry"],"_links":{"self":[{"href":"https:\/\/conexaomulhereseconomia.com.br\/index.php?rest_route=\/wp\/v2\/pages\/632","targetHints":{"allow":["GET"]}}],"collection":[{"href":"https:\/\/conexaomulhereseconomia.com.br\/index.php?rest_route=\/wp\/v2\/pages"}],"about":[{"href":"https:\/\/conexaomulhereseconomia.com.br\/index.php?rest_route=\/wp\/v2\/types\/page"}],"author":[{"embeddable":true,"href":"https:\/\/conexaomulhereseconomia.com.br\/index.php?rest_route=\/wp\/v2\/users\/1"}],"replies":[{"embeddable":true,"href":"https:\/\/conexaomulhereseconomia.com.br\/index.php?rest_route=%2Fwp%2Fv2%2Fcomments&post=632"}],"version-history":[{"count":113,"href":"https:\/\/conexaomulhereseconomia.com.br\/index.php?rest_route=\/wp\/v2\/pages\/632\/revisions"}],"predecessor-version":[{"id":1967,"href":"https:\/\/conexaomulhereseconomia.com.br\/index.php?rest_route=\/wp\/v2\/pages\/632\/revisions\/1967"}],"up":[{"embeddable":true,"href":"https:\/\/conexaomulhereseconomia.com.br\/index.php?rest_route=\/wp\/v2\/pages\/628"}],"wp:attachment":[{"href":"https:\/\/conexaomulhereseconomia.com.br\/index.php?rest_route=%2Fwp%2Fv2%2Fmedia&parent=632"}],"curies":[{"name":"wp","href":"https:\/\/api.w.org\/{rel}","templated":true}]}}