{"id":644,"date":"2021-07-05T18:00:00","date_gmt":"2021-07-05T21:00:00","guid":{"rendered":"https:\/\/conexaomulhereseconomia.com.br\/?page_id=644"},"modified":"2022-09-13T12:26:28","modified_gmt":"2022-09-13T15:26:28","slug":"programacao","status":"publish","type":"page","link":"https:\/\/conexaomulhereseconomia.com.br\/?page_id=644","title":{"rendered":"Programa\u00e7\u00e3o &#8211; 1\u00ba Enconex\u00e3o"},"content":{"rendered":"\n<p class=\"has-text-align-center\" style=\"font-size:28px\"><strong>1\u00ba Enconex\u00e3o | CM&amp;E<\/strong><br><\/p>\n\n\n\n<p class=\"has-text-align-left\"><strong>ABERTURA<\/strong><\/p>\n\n\n\n<p class=\"has-text-align-left\">O evento iniciar\u00e1 \u00e0s <strong>09h00 com a fala da Professora Izete Pengo Bagolin e Priscila Lupion Swoboda<\/strong>, duas fundadoras do Conex\u00e3o Mulheres &amp; Economia. <\/p>\n\n\n\n<p>Convidamos a todos a acessar o menu &#8220;Artigos Selecionados&#8221; e apreciar os trabalhos postados em texto. Alguns trabalhos foram selecionados para serem gravados em v\u00eddeo e os demais ser\u00e3o apresentados ao vivo no dia do evento, conforme programa\u00e7\u00e3o abaixo.<\/p>\n\n\n\n<p><strong>APRESENTA\u00c7\u00d5ES POR \u00c1REAS TEM\u00c1TICAS<\/strong> <\/p>\n\n\n\n<p>As apresenta\u00e7\u00f5es por \u00e1reas tem\u00e1ticas ser\u00e3o distribu\u00eddas nos turnos da manh\u00e3 e tarde, com in\u00edcio previsto para as 09h20min.<strong> O intervalo de almo\u00e7o ser\u00e1 no hor\u00e1rio entre 11h40 e 14h00<\/strong>. A ordem de apresenta\u00e7\u00e3o ser\u00e1 a seguinte:<\/p>\n\n\n\n<ol class=\"wp-block-list\"><li><strong>Economia Feminista<\/strong><\/li><\/ol>\n\n\n\n<p>09h20-09h40: &#8220;Existe complementaridade entre as vis\u00f5es de bem-estar da abordagem das capacita\u00e7\u00f5es e da economia feminista?&#8221;<\/p>\n\n\n\n<p>09h45-10h05: &#8220;Um olhar da economia feminista para as desigualdades de g\u00eanero na estrutura econ\u00f4mica&#8221;<\/p>\n\n\n\n<p>10h10-10h30: &#8220;Lideran\u00e7a e estere\u00f3tipos de g\u00eanero: desafios da equidade de g\u00eanero na \u00e1rea tribut\u00e1ria&#8221;<\/p>\n\n\n\n<p>10h35-10h40: Momento para d\u00favidas sobre os v\u00eddeos enviados dessa \u00e1rea.<\/p>\n\n\n\n<p><strong>2. Economia da Sa\u00fade<\/strong><\/p>\n\n\n\n<p>10h45-11h05: &#8220;An\u00e1lise de custo da doen\u00e7a de Machado-Joseph&#8221;<\/p>\n\n\n\n<p><strong>3. Economia do Trabalho e da Educa\u00e7\u00e3o<\/strong><\/p>\n\n\n\n<p>11h10-11h30: &#8220;O duplo desafio \u00e0s mulheres negras frente ao Covid-19&#8221;<\/p>\n\n\n\n<p>11h35-11h40: Momento para d\u00favidas sobre os v\u00eddeos enviados dessa \u00e1rea.<\/p>\n\n\n\n<p><strong>4. Economia, Pol\u00edtica Social e Demografia<\/strong><\/p>\n\n\n\n<p>14h00-14h20: &#8220;O Aux\u00edlio Emergencial no enfrentamento da pandemia e a persistente neglig\u00eancia com o Desenvolvimento Humano&#8221;<\/p>\n\n\n\n<p>14h25-14h45: &#8220;O olhar para as comunidades vulner\u00e1veis para um desenvolvimento sustent\u00e1vel, inclusivo e humano&#8221;<\/p>\n\n\n\n<p>14h50-14h55: Momento para d\u00favidas sobre os v\u00eddeos enviados dessa \u00e1rea.<\/p>\n\n\n\n<p><strong>5. Desenvolvimento Econ\u00f4mico e Sustentabilidade Ambiental<\/strong><\/p>\n\n\n\n<p>Trabalhos apresentados em v\u00eddeo, convidamos a consultar o menu &#8220;Artigos Selecionados&#8221;.<\/p>\n\n\n\n<p><strong>6. Macroeconomia e Finan\u00e7as<\/strong><\/p>\n\n\n\n<p>15h00-15h20: &#8220;O impacto da prefer\u00eancia pela liquidez na disponibilidade de cr\u00e9dito dos munic\u00edpios do Par\u00e1&#8221;<\/p>\n\n\n\n<p>15h25-15h45: &#8220;O Acordo Comercial Mercosul-UE no Contexto dos 30 Anos do Bloco Econ\u00f4mico Sul-Americano&#8221;<\/p>\n\n\n\n<p>15h50-16h10: &#8220;BREXIT no contexto da (des)globaliza\u00e7\u00e3o&#8221;<\/p>\n\n\n\n<p>16h15-16h35: &#8220;Investilizando: reduzindo as assimetrias de informa\u00e7\u00e3o do mercado financeiro para mulheres&#8221;<\/p>\n\n\n\n<p>16h40-16h45: Momento para d\u00favidas sobre os v\u00eddeos enviados dessa \u00e1rea.<\/p>\n\n\n\n<p><strong>BATE-PAPO SOBRE ECONOMIA FEMINISTA <\/strong><\/p>\n\n\n\n<p>In\u00edcio previsto para \u00e0s 16h45, com encerramento do evento programado para \u00e0s 17h15.<\/p>\n","protected":false},"excerpt":{"rendered":"<p>1\u00ba Enconex\u00e3o | CM&amp;E ABERTURA O evento iniciar\u00e1 \u00e0s 09h00 com a fala da Professora Izete Pengo Bagolin e Priscila Lupion Swoboda, duas fundadoras do Conex\u00e3o Mulheres &amp; Economia. Convidamos a todos a acessar o menu &#8220;Artigos Selecionados&#8221; e apreciar os trabalhos postados em texto. Alguns trabalhos foram selecionados para serem gravados em v\u00eddeo e&hellip;&nbsp;<a href=\"https:\/\/conexaomulhereseconomia.com.br\/?page_id=644\" class=\"\" rel=\"bookmark\">Continue a ler &raquo;<span class=\"screen-reader-text\">Programa\u00e7\u00e3o &#8211; 1\u00ba Enconex\u00e3o<\/span><\/a><\/p>\n","protected":false},"author":1,"featured_media":0,"parent":628,"menu_order":3,"comment_status":"closed","ping_status":"closed","template":"","meta":{"neve_meta_sidebar":"full-width","neve_meta_container":"contained","neve_meta_enable_content_width":"on","neve_meta_content_width":70,"neve_meta_title_alignment":"","neve_meta_author_avatar":"","neve_post_elements_order":"","neve_meta_disable_header":"","neve_meta_disable_footer":"","neve_meta_disable_title":"on","footnotes":""},"class_list":["post-644","page","type-page","status-publish","hentry"],"_links":{"self":[{"href":"https:\/\/conexaomulhereseconomia.com.br\/index.php?rest_route=\/wp\/v2\/pages\/644","targetHints":{"allow":["GET"]}}],"collection":[{"href":"https:\/\/conexaomulhereseconomia.com.br\/index.php?rest_route=\/wp\/v2\/pages"}],"about":[{"href":"https:\/\/conexaomulhereseconomia.com.br\/index.php?rest_route=\/wp\/v2\/types\/page"}],"author":[{"embeddable":true,"href":"https:\/\/conexaomulhereseconomia.com.br\/index.php?rest_route=\/wp\/v2\/users\/1"}],"replies":[{"embeddable":true,"href":"https:\/\/conexaomulhereseconomia.com.br\/index.php?rest_route=%2Fwp%2Fv2%2Fcomments&post=644"}],"version-history":[{"count":12,"href":"https:\/\/conexaomulhereseconomia.com.br\/index.php?rest_route=\/wp\/v2\/pages\/644\/revisions"}],"predecessor-version":[{"id":1940,"href":"https:\/\/conexaomulhereseconomia.com.br\/index.php?rest_route=\/wp\/v2\/pages\/644\/revisions\/1940"}],"up":[{"embeddable":true,"href":"https:\/\/conexaomulhereseconomia.com.br\/index.php?rest_route=\/wp\/v2\/pages\/628"}],"wp:attachment":[{"href":"https:\/\/conexaomulhereseconomia.com.br\/index.php?rest_route=%2Fwp%2Fv2%2Fmedia&parent=644"}],"curies":[{"name":"wp","href":"https:\/\/api.w.org\/{rel}","templated":true}]}}