{"id":888,"date":"2021-05-02T22:28:10","date_gmt":"2021-05-03T01:28:10","guid":{"rendered":"https:\/\/conexaomulhereseconomia.com.br\/?page_id=888"},"modified":"2022-07-19T20:36:17","modified_gmt":"2022-07-19T23:36:17","slug":"formulario-ouvinte","status":"publish","type":"page","link":"https:\/\/conexaomulhereseconomia.com.br\/?page_id=888","title":{"rendered":"Formul\u00e1rio Ouvinte"},"content":{"rendered":"\n<p><strong>Formul\u00e1rio de inscri\u00e7\u00e3o para ouvintes<\/strong><\/p>\n\n\n<div class=\"caldera-grid\" id=\"caldera_form_1\" data-cf-ver=\"1.9.7\" data-cf-form-id=\"CF608f4dfcdae80\"><div id=\"caldera_notices_1\" data-spinner=\"https:\/\/conexaomulhereseconomia.com.br\/wp-admin\/images\/spinner.gif\"><\/div><form data-instance=\"1\" class=\"CF608f4dfcdae80 caldera_forms_form cfajax-trigger\" method=\"POST\" enctype=\"multipart\/form-data\" id=\"CF608f4dfcdae80_1\" data-form-id=\"CF608f4dfcdae80\" aria-label=\"Formul&aacute;rioOuvinteCME\" data-target=\"#caldera_notices_1\" data-template=\"#cfajax_CF608f4dfcdae80-tmpl\" data-cfajax=\"CF608f4dfcdae80\" data-load-element=\"_parent\" data-load-class=\"cf_processing\" data-post-disable=\"0\" data-action=\"cf_process_ajax_submit\" data-request=\"https:\/\/conexaomulhereseconomia.com.br\/?cf_api=CF608f4dfcdae80\">\r\n<input type=\"hidden\" id=\"_cf_verify_CF608f4dfcdae80\" name=\"_cf_verify\" value=\"53225198eb\"  data-nonce-time=\"1776185149\" \/><input type=\"hidden\" name=\"_wp_http_referer\" value=\"\/index.php?rest_route=%2Fwp%2Fv2%2Fpages%2F888\" \/><div id=\"cf2-CF608f4dfcdae80_1\"><\/div><input type=\"hidden\" name=\"_cf_frm_id\" value=\"CF608f4dfcdae80\">\r\n<input type=\"hidden\" name=\"_cf_frm_ct\" value=\"1\">\r\n<input type=\"hidden\" name=\"cfajax\" value=\"CF608f4dfcdae80\">\r\n<input type=\"hidden\" name=\"_cf_cr_pst\" value=\"888\">\r\n<div class=\"hide\" style=\"display:none; overflow:hidden;height:0;width:0;\">\r\n<label>Order Number<\/label><input type=\"text\" name=\"order_number\" value=\"\" autocomplete=\"off\">\r\n<\/div><div id=\"CF608f4dfcdae80_1-row-1\"  class=\"row  first_row\"><div  class=\"col-sm-9  first_col\"><div data-field-wrapper=\"fld_1051225\" class=\"form-group\" id=\"fld_1051225_1-wrap\">\r\n\t<label id=\"fld_1051225Label\" for=\"fld_1051225_1\" class=\"control-label\">Nome completo <span aria-hidden=\"true\" role=\"presentation\" class=\"field_required\" style=\"color:#ee0000;\">*<\/span><\/label>\r\n\t<div class=\"\">\r\n\t\t<input   required type=\"text\" data-field=\"fld_1051225\" class=\" form-control\" id=\"fld_1051225_1\" name=\"fld_1051225\" value=\"\" data-type=\"text\" aria-required=\"true\"   aria-labelledby=\"fld_1051225Label\" >\t\t\t<\/div>\r\n<\/div>\r\n<div data-field-wrapper=\"fld_901888\" class=\"form-group\" id=\"fld_901888_1-wrap\">\r\n\t<label id=\"fld_901888Label\" for=\"fld_901888_1\" class=\"control-label\">E-mail <span aria-hidden=\"true\" role=\"presentation\" class=\"field_required\" style=\"color:#ee0000;\">*<\/span><\/label>\r\n\t<div class=\"\">\r\n\t\t<input   required type=\"email\" data-field=\"fld_901888\" class=\" form-control\" id=\"fld_901888_1\" name=\"fld_901888\" value=\"\" data-type=\"email\" aria-required=\"true\"   aria-labelledby=\"fld_901888Label\" >\t\t\t<\/div>\r\n<\/div>\r\n<\/div><div  class=\"col-sm-3  last_col\"><div data-field-wrapper=\"fld_981069\" class=\"form-group\" id=\"fld_981069_1-wrap\">\r\n\t<label id=\"fld_981069Label\" for=\"fld_981069_1\" class=\"control-label\">CPF <span aria-hidden=\"true\" role=\"presentation\" class=\"field_required\" style=\"color:#ee0000;\">*<\/span><\/label>\r\n\t<div class=\"\">\r\n\t\t<input  data-inputmask=\"'mask': '999.999.999-99'\"  required type=\"text\" data-field=\"fld_981069\" class=\" form-control\" id=\"fld_981069_1\" name=\"fld_981069\" value=\"\" data-type=\"text\" aria-required=\"true\"   aria-labelledby=\"fld_981069Label\" >\t\t\t<\/div>\r\n<\/div>\r\n<div data-field-wrapper=\"fld_2468675\" class=\"form-group\" id=\"fld_2468675_1-wrap\">\r\n\t<label id=\"fld_2468675Label\" for=\"fld_2468675_1\" class=\"control-label\">Forma\u00e7\u00e3o acad\u00eamica <span aria-hidden=\"true\" role=\"presentation\" class=\"field_required\" style=\"color:#ee0000;\">*<\/span><\/label>\r\n\t<div class=\"\">\r\n\t\t<select name=\"fld_2468675\" value=\"\" data-field=\"fld_2468675\" class=\"form-control\" id=\"fld_2468675_1\"  required=\"required\"  aria-labelledby=\"fld_2468675Label\" >\n\t\t<option value=\"\"><\/option>\r\n\t\t\t\t\t<option value=\"Ensino Fundamental\"  data-calc-value=\"Ensino Fundamental\" >\n\t\t\t\t\t\tEnsino Fundamental\t\t\t\t\t<\/option>\n\t\t\t\t\t\t\t\t\t\t<option value=\"Ensino M\u00e9dio\"  data-calc-value=\"Ensino M\u00e9dio\" >\n\t\t\t\t\t\tEnsino M\u00e9dio\t\t\t\t\t<\/option>\n\t\t\t\t\t\t\t\t\t\t<option value=\"T\u00e9cnico\/Tecn\u00f3logo\"  data-calc-value=\"T\u00e9cnico\/Tecn\u00f3logo\" >\n\t\t\t\t\t\tT\u00e9cnico\/Tecn\u00f3logo\t\t\t\t\t<\/option>\n\t\t\t\t\t\t\t\t\t\t<option value=\"Gradua\u00e7\u00e3o\"  data-calc-value=\"Gradua\u00e7\u00e3o\" >\n\t\t\t\t\t\tGradua\u00e7\u00e3o\t\t\t\t\t<\/option>\n\t\t\t\t\t\t\t\t\t\t<option value=\"P\u00f3s-gradua\u00e7\u00e3o\"  data-calc-value=\"P\u00f3s-gradua\u00e7\u00e3o\" >\n\t\t\t\t\t\tP\u00f3s-gradua\u00e7\u00e3o\t\t\t\t\t<\/option>\n\t\t\t\t\t\t\t\t\t\t<option value=\"Mestrado\"  data-calc-value=\"Mestrado\" >\n\t\t\t\t\t\tMestrado\t\t\t\t\t<\/option>\n\t\t\t\t\t\t\t\t\t\t<option value=\"Doutorado\"  data-calc-value=\"Doutorado\" >\n\t\t\t\t\t\tDoutorado\t\t\t\t\t<\/option>\n\t\t\t\t\t\t\t\t\t\t<option value=\"P\u00f3s-doutorado\"  data-calc-value=\"P\u00f3s-doutorado\" >\n\t\t\t\t\t\tP\u00f3s-doutorado\t\t\t\t\t<\/option>\n\t\t\t\t\t\t\t<\/select>\n\t\t\t<\/div>\r\n<\/div>\r\n<\/div><\/div><div id=\"CF608f4dfcdae80_1-row-2\"  class=\"row \"><div  class=\"col-sm-7  first_col\"><div data-field-wrapper=\"fld_5970749\" class=\"form-group\" id=\"fld_5970749_1-wrap\">\r\n\t<label id=\"fld_5970749Label\" for=\"fld_5970749_1\" class=\"control-label\">Institui\u00e7\u00e3o de ensino <span aria-hidden=\"true\" role=\"presentation\" class=\"field_required\" style=\"color:#ee0000;\">*<\/span><\/label>\r\n\t<div class=\"\">\r\n\t\t<input placeholder=\"Informe onde estuda ou estudou \"  required type=\"text\" data-field=\"fld_5970749\" class=\" form-control\" id=\"fld_5970749_1\" name=\"fld_5970749\" value=\"\" data-type=\"text\" aria-required=\"true\"   aria-labelledby=\"fld_5970749Label\" >\t\t\t<\/div>\r\n<\/div>\r\n<\/div><div  class=\"col-sm-5  last_col\"><div data-field-wrapper=\"fld_7070164\" class=\"form-group\" id=\"fld_7070164_1-wrap\">\r\n\t<label id=\"fld_7070164Label\" for=\"fld_7070164_1\" class=\"control-label\">Possui forma\u00e7\u00e3o em Ci\u00eancias Econ\u00f4micas <span aria-hidden=\"true\" role=\"presentation\" class=\"field_required\" style=\"color:#ee0000;\">*<\/span><\/label>\r\n\t<div class=\"\">\r\n\t\t<select name=\"fld_7070164\" value=\"\" data-field=\"fld_7070164\" class=\"form-control\" id=\"fld_7070164_1\"  required=\"required\"  aria-labelledby=\"fld_7070164Label\" >\n\t\t<option value=\"\"><\/option>\r\n\t\t\t\t\t<option value=\"N\u00e3o\"  data-calc-value=\"N\u00e3o\" >\n\t\t\t\t\t\tN\u00e3o\t\t\t\t\t<\/option>\n\t\t\t\t\t\t\t\t\t\t<option value=\"Sim\"  data-calc-value=\"Sim\" >\n\t\t\t\t\t\tSim\t\t\t\t\t<\/option>\n\t\t\t\t\t\t\t<\/select>\n\t\t\t<\/div>\r\n<\/div>\r\n<\/div><\/div><div id=\"CF608f4dfcdae80_1-row-3\"  class=\"row \"><div  class=\"col-sm-12  single\"><div class=\"\"><p><\/p>\n<\/div><\/div><\/div><div id=\"CF608f4dfcdae80_1-row-4\"  class=\"row \"><div  class=\"col-sm-3  first_col\"><\/div><div  class=\"col-sm-8 \"><div data-field-wrapper=\"fld_9317122\" class=\"form-group\" id=\"fld_9317122_1-wrap\">\r\n\t<label id=\"fld_9317122Label\" for=\"fld_9317122_1\" class=\"control-label\">Quais s\u00e3o seus temas de maior interesse <span aria-hidden=\"true\" role=\"presentation\" class=\"field_required\" style=\"color:#ee0000;\">*<\/span><\/label>\r\n\t<div class=\"\">\r\n\t\t\t\t\t\t\t\t\t\t\t<div class=\"checkbox\">\n\t\t\t\t\n                <label                         for=\"fld_9317122_1_opt900338\"\n                >\n                            <input\n                                data-parsley-required=\"true\" data-parsley-group=\"fld_9317122_1\" data-parsley-multiple=\"fld_9317122_1\"                                type=\"checkbox\"\n                                data-label=\"Economia Feminista\"\n                                data-field=\"fld_9317122\"\n                                id=\"fld_9317122_1_opt900338\"\n                                class=\"fld_9317122_1 option-required\"\n                                name=\"fld_9317122[opt900338]\"\n                                value=\"A\"\n                                                                data-type=\"checkbox\"\n                                data-checkbox-field=\"fld_9317122_1\"\n                                                                data-calc-value=\"Economia Feminista\"\n                            >\n                    Economia Feminista                <\/label>\n\n                \t\t\t\t\t<\/div>\n\t\t\t\t\t\t\t\t\t\t\t\t\t\t\t\t\t<div class=\"checkbox\">\n\t\t\t\t\n                <label                         for=\"fld_9317122_1_opt1062402\"\n                >\n                            <input\n                                data-parsley-required=\"true\" data-parsley-group=\"fld_9317122_1\" data-parsley-multiple=\"fld_9317122_1\"                                type=\"checkbox\"\n                                data-label=\"Economia da Sa\u00fade\"\n                                data-field=\"fld_9317122\"\n                                id=\"fld_9317122_1_opt1062402\"\n                                class=\"fld_9317122_1 option-required\"\n                                name=\"fld_9317122[opt1062402]\"\n                                value=\"B\"\n                                                                data-type=\"checkbox\"\n                                data-checkbox-field=\"fld_9317122_1\"\n                                                                data-calc-value=\"Economia da Sa\u00fade\"\n                            >\n                    Economia da Sa\u00fade                <\/label>\n\n                \t\t\t\t\t<\/div>\n\t\t\t\t\t\t\t\t\t\t\t\t\t\t\t\t\t<div class=\"checkbox\">\n\t\t\t\t\n                <label                         for=\"fld_9317122_1_opt3106434\"\n                >\n                            <input\n                                data-parsley-required=\"true\" data-parsley-group=\"fld_9317122_1\" data-parsley-multiple=\"fld_9317122_1\"                                type=\"checkbox\"\n                                data-label=\"Economia do Trabalho e da Educa\u00e7\u00e3o\"\n                                data-field=\"fld_9317122\"\n                                id=\"fld_9317122_1_opt3106434\"\n                                class=\"fld_9317122_1 option-required\"\n                                name=\"fld_9317122[opt3106434]\"\n                                value=\"C\"\n                                                                data-type=\"checkbox\"\n                                data-checkbox-field=\"fld_9317122_1\"\n                                                                data-calc-value=\"Economia do Trabalho e da Educa\u00e7\u00e3o\"\n                            >\n                    Economia do Trabalho e da Educa\u00e7\u00e3o                <\/label>\n\n                \t\t\t\t\t<\/div>\n\t\t\t\t\t\t\t\t\t\t\t\t\t\t\t\t\t<div class=\"checkbox\">\n\t\t\t\t\n                <label                         for=\"fld_9317122_1_opt3584773\"\n                >\n                            <input\n                                data-parsley-required=\"true\" data-parsley-group=\"fld_9317122_1\" data-parsley-multiple=\"fld_9317122_1\"                                type=\"checkbox\"\n                                data-label=\"Macroeconomia e Finan\u00e7as\"\n                                data-field=\"fld_9317122\"\n                                id=\"fld_9317122_1_opt3584773\"\n                                class=\"fld_9317122_1 option-required\"\n                                name=\"fld_9317122[opt3584773]\"\n                                value=\"D\"\n                                                                data-type=\"checkbox\"\n                                data-checkbox-field=\"fld_9317122_1\"\n                                                                data-calc-value=\"Macroeconomia e Finan\u00e7as\"\n                            >\n                    Macroeconomia e Finan\u00e7as                <\/label>\n\n                \t\t\t\t\t<\/div>\n\t\t\t\t\t\t\t\t\t\t\t\t\t\t\t\t\t<div class=\"checkbox\">\n\t\t\t\t\n                <label                         for=\"fld_9317122_1_opt4196854\"\n                >\n                            <input\n                                data-parsley-required=\"true\" data-parsley-group=\"fld_9317122_1\" data-parsley-multiple=\"fld_9317122_1\"                                type=\"checkbox\"\n                                data-label=\"Economia Pol\u00edtica, Social e Demogr\u00e1fica\"\n                                data-field=\"fld_9317122\"\n                                id=\"fld_9317122_1_opt4196854\"\n                                class=\"fld_9317122_1 option-required\"\n                                name=\"fld_9317122[opt4196854]\"\n                                value=\"E\"\n                                                                data-type=\"checkbox\"\n                                data-checkbox-field=\"fld_9317122_1\"\n                                                                data-calc-value=\"Economia Pol\u00edtica, Social e Demogr\u00e1fica\"\n                            >\n                    Economia Pol\u00edtica, Social e Demogr\u00e1fica                <\/label>\n\n                \t\t\t\t\t<\/div>\n\t\t\t\t\t\t\t\t\t\t\t\t\t\t\t\t\t<div class=\"checkbox\">\n\t\t\t\t\n                <label                         for=\"fld_9317122_1_opt5723250\"\n                >\n                            <input\n                                data-parsley-required=\"true\" data-parsley-group=\"fld_9317122_1\" data-parsley-multiple=\"fld_9317122_1\"                                type=\"checkbox\"\n                                data-label=\"Desenvolvimento Econ\u00f4mico e Sustentabilidade Ambiental\"\n                                data-field=\"fld_9317122\"\n                                id=\"fld_9317122_1_opt5723250\"\n                                class=\"fld_9317122_1 option-required\"\n                                name=\"fld_9317122[opt5723250]\"\n                                value=\"F\"\n                                                                data-type=\"checkbox\"\n                                data-checkbox-field=\"fld_9317122_1\"\n                                                                data-calc-value=\"Desenvolvimento Econ\u00f4mico e Sustentabilidade Ambiental\"\n                            >\n                    Desenvolvimento Econ\u00f4mico e Sustentabilidade Ambiental                <\/label>\n\n                \t\t\t\t\t<\/div>\n\t\t\t\t\t\t\t\t\t\t\t<\/div>\r\n<\/div>\r\n<\/div><div  class=\"col-sm-1  last_col\"><\/div><\/div><div id=\"CF608f4dfcdae80_1-row-5\"  class=\"row \"><div  class=\"col-sm-12  single\"><\/div><\/div><div id=\"CF608f4dfcdae80_1-row-6\"  class=\"row \"><div  class=\"col-sm-12  single\"><div class=\"\"><hr>\n<p><center><H4 style=\"color:red\"><b><br \/>\nAten\u00e7\u00e3o! Certifique-se que todos os dados est\u00e3o de acordo, antes de enviar o formul\u00e1rio.<br \/>\n<\/b><\/H4><\/center><\/p>\n<\/div><\/div><\/div><div id=\"CF608f4dfcdae80_1-row-7\"  class=\"row \"><div  class=\"col-sm-3  first_col\"><\/div><div  class=\"col-sm-3 \"><div data-field-wrapper=\"fld_1951795\" class=\"form-group\" id=\"fld_1951795_1-wrap\">\r\n<div class=\"\">\r\n\t<input  class=\"btn btn-default\" type=\"submit\" name=\"fld_1951795\" id=\"fld_1951795_1\" value=\"Enviar\" data-field=\"fld_1951795\"  >\n<\/div>\r\n<\/div>\r\n\t<input class=\"button_trigger_1\" type=\"hidden\" name=\"fld_1951795\" id=\"fld_1951795_1_btn\" value=\"\" data-field=\"fld_1951795\"  \/>\n<\/div><div  class=\"col-sm-3 \"><div data-field-wrapper=\"fld_8836257\" class=\"form-group\" id=\"fld_8836257_1-wrap\">\r\n<div class=\"\">\r\n\t<input  class=\"btn btn-default\" type=\"reset\" name=\"fld_8836257\" id=\"fld_8836257_1\" value=\"Limpar\" data-field=\"fld_8836257\"  >\n<\/div>\r\n<\/div>\r\n\t<input class=\"button_trigger_1\" type=\"hidden\" name=\"fld_8836257\" id=\"fld_8836257_1_btn\" value=\"\" data-field=\"fld_8836257\"  \/>\n<\/div><div  class=\"col-sm-3  last_col\"><\/div><\/div><div id=\"CF608f4dfcdae80_1-row-8\"  class=\"row  last_row\"><div  class=\"col-sm-12  single\"><input    type=\"hidden\" data-field=\"fld_1415259\" class=\" form-control\" id=\"fld_1415259_1\" name=\"fld_1415259\" value=\"NAO\" data-type=\"hidden\"   ><\/div><\/div><\/form>\r\n<\/div>\r\n\n","protected":false},"excerpt":{"rendered":"<p>Formul\u00e1rio de inscri\u00e7\u00e3o para ouvintes<\/p>\n","protected":false},"author":1,"featured_media":0,"parent":0,"menu_order":0,"comment_status":"closed","ping_status":"closed","template":"","meta":{"neve_meta_sidebar":"full-width","neve_meta_container":"","neve_meta_enable_content_width":"on","neve_meta_content_width":75,"neve_meta_title_alignment":"","neve_meta_author_avatar":"","neve_post_elements_order":"","neve_meta_disable_header":"","neve_meta_disable_footer":"","neve_meta_disable_title":"on","footnotes":""},"class_list":["post-888","page","type-page","status-publish","hentry"],"_links":{"self":[{"href":"https:\/\/conexaomulhereseconomia.com.br\/index.php?rest_route=\/wp\/v2\/pages\/888","targetHints":{"allow":["GET"]}}],"collection":[{"href":"https:\/\/conexaomulhereseconomia.com.br\/index.php?rest_route=\/wp\/v2\/pages"}],"about":[{"href":"https:\/\/conexaomulhereseconomia.com.br\/index.php?rest_route=\/wp\/v2\/types\/page"}],"author":[{"embeddable":true,"href":"https:\/\/conexaomulhereseconomia.com.br\/index.php?rest_route=\/wp\/v2\/users\/1"}],"replies":[{"embeddable":true,"href":"https:\/\/conexaomulhereseconomia.com.br\/index.php?rest_route=%2Fwp%2Fv2%2Fcomments&post=888"}],"version-history":[{"count":6,"href":"https:\/\/conexaomulhereseconomia.com.br\/index.php?rest_route=\/wp\/v2\/pages\/888\/revisions"}],"predecessor-version":[{"id":1750,"href":"https:\/\/conexaomulhereseconomia.com.br\/index.php?rest_route=\/wp\/v2\/pages\/888\/revisions\/1750"}],"wp:attachment":[{"href":"https:\/\/conexaomulhereseconomia.com.br\/index.php?rest_route=%2Fwp%2Fv2%2Fmedia&parent=888"}],"curies":[{"name":"wp","href":"https:\/\/api.w.org\/{rel}","templated":true}]}}